{"id":1140,"date":"2012-02-02T15:48:33","date_gmt":"2012-02-02T14:48:33","guid":{"rendered":"http:\/\/www.nowastrona.pkm.jaworzno.pl\/www\/?page_id=1140"},"modified":"2026-04-20T10:05:35","modified_gmt":"2026-04-20T08:05:35","slug":"regulamin-przewozow","status":"publish","type":"page","link":"https:\/\/www.pkm.jaworzno.pl\/www\/bilety\/regulamin-przewozow\/","title":{"rendered":"Regulamin przewoz\u00f3w"},"content":{"rendered":"<p><em>Za\u0142\u0105cznik do Uchwa\u0142y Zarz\u0105du PKM Sp\u00f3\u0142ka z o.o. nr 19\/04\/2026 z dnia 13 kwietnia 2026 r.<\/em><\/p>\n<p>Obowi\u0105zuje od 20 kwietnia 2026 r.<\/p>\n<h3 style=\"text-align: center;\"><strong>REGULAMIN PRZEWOZ\u00d3W PKM SP. Z O.O. W JAWORZNIE<\/strong><\/h3>\n<p style=\"text-align: center;\"><strong>ROZDZIA\u0141 I<\/strong><\/p>\n<p style=\"text-align: center;\">PRZEPISY OG\u00d3LNE<\/p>\n<ol>\n<li>Do przestrzegania niniejszego regulaminu zobowi\u0105zani s\u0105 pasa\u017cerowie, kieruj\u0105cy pojazdem, kontrolerzy, a tak\u017ce personel nadzoru ruchu.<\/li>\n<li>Umow\u0119 przewozu zawiera si\u0119 poprzez zaj\u0119cie miejsca w poje\u017adzie.<\/li>\n<li>Do przejazdu \u015brodkami transportu PKM Sp. z o.o. upowa\u017cniaj\u0105:<br \/>\na. bilety wyemitowane przez PKM Sp. z o.o. oraz bilety innych podmiot\u00f3w na mocy odr\u0119bnych porozumie\u0144 (aktualny wykaz dost\u0119pny jest na stronie www.pkm.jaworzno.pl),<br \/>\nb. dokumenty potwierdzaj\u0105ce uprawnienia do korzystania z przejazdu bezp\u0142atnego.<\/li>\n<li>Informacja o dost\u0119pnych kana\u0142ach dystrybucji bilet\u00f3w oraz sposobach wnoszenia op\u0142at za przejazdy dost\u0119pna jest na stronie www.pkm.jaworzno.pl oraz w ka\u017cdym z autobus\u00f3w.<\/li>\n<li>Bilety ulgowe s\u0105 wa\u017cne po okazaniu przez pasa\u017cera dokumentu potwierdzaj\u0105cego posiadanie przez niego prawa do ulgi zgodnie z wykazem os\u00f3b i dokument\u00f3w uprawniaj\u0105cych do bezp\u0142atnych lub ulgowych przejazd\u00f3w \u015brodkami komunikacji miejskiej realizowanej przez PKM Sp. z o.o.<\/li>\n<\/ol>\n<p>&nbsp;<\/p>\n<p style=\"text-align: center;\"><strong>ROZDZIA\u0141 II<\/strong><\/p>\n<p style=\"text-align: center;\">PRAWA I OBOWI\u0104ZKI PASA\u017bERA<\/p>\n<ol>\n<li><strong>\u00a0<\/strong>Wsiadanie do pojazdu i wysiadanie z niego dozwolone jest tylko na przystankach, po ca\u0142kowitym zatrzymaniu pojazdu. Pierwsze\u0144stwo przed wsiadaj\u0105cymi maj\u0105 osoby opuszczaj\u0105ce pojazd.<\/li>\n<li>Pasa\u017cerowie op\u0142acaj\u0105cy przejazd w poje\u017adzie zobowi\u0105zani s\u0105 to uczyni\u0107 niezw\u0142ocznie po wej\u015bciu do \u015brodka.<\/li>\n<li>Brak mo\u017cliwo\u015bci wydania przez kierowc\u0119 reszty przy sprzeda\u017cy biletu nie zwalnia pasa\u017cera z obowi\u0105zku posiadania wa\u017cnego biletu.<\/li>\n<li>Brak akceptacji transakcji dokonywanej zbli\u017ceniow\u0105 kart\u0105 p\u0142atnicz\u0105 nie zwalnia pasa\u017cera z obowi\u0105zku posiadania wa\u017cnego biletu.<\/li>\n<li>Pasa\u017cerowie zobowi\u0105zani s\u0105 do wykonywania polece\u0144 obs\u0142ugi pojazdu i innych uprawnionych os\u00f3b maj\u0105cych na celu zapewnienie bezpiecze\u0144stwa i prawid\u0142owego funkcjonowania przewoz\u00f3w.<\/li>\n<li>W przypadku og\u0142oszenia ewakuacji przez obs\u0142ug\u0119 pojazdu lub inne uprawnione osoby, podr\u00f3\u017cni zobowi\u0105zani s\u0105 do niezw\u0142ocznego opuszczenia pojazdu i stosowania si\u0119 do wydawanych polece\u0144.<\/li>\n<li>Pasa\u017cerowie zobowi\u0105zani s\u0105 w czasie jazdy trzyma\u0107 si\u0119 uchwyt\u00f3w i por\u0119czy.<\/li>\n<li>Pasa\u017cer, kt\u00f3ry zajmuje miejsce oznaczone znakiem graficznym \u201edla inwalidy\u201d lub \u201edla os\u00f3b z dzieckiem na r\u0119ku\u201d, zobowi\u0105zany jest zwolni\u0107 to miejsce takiej osobie.<\/li>\n<li>Dziecko przewo\u017cone w w\u00f3zku musi by\u0107 zabezpieczone przed wypadni\u0119ciem.<\/li>\n<li>Pasa\u017cer ma obowi\u0105zek zasygnalizowa\u0107 \u017c\u0105danie zatrzymania pojazdu na przystanku poprzez naci\u015bni\u0119cie przycisku \u017c\u0105dania otwarcia drzwi. Czynno\u015b\u0107 ta powinna by\u0107 dokonana z odpowiednim wyprzedzeniem, tak aby mo\u017cliwe by\u0142o bezpieczne zatrzymanie pojazdu na przystanku.<\/li>\n<li>W przypadku awarii autobusu podczas realizacji kursu pasa\u017cerowi posiadaj\u0105cemu wa\u017cny bilet przys\u0142uguje prawo kontynuowania jazdy z tym biletem nast\u0119pnym autobusem tej samej linii lub innej linii przebiegaj\u0105cej t\u0105 sam\u0105 tras\u0105 albo autobusem zast\u0119pczym podstawionym przez przewo\u017anika.<\/li>\n<li>Pasa\u017cer ma prawo poszukiwa\u0107 rzeczy zostawionej w poje\u017adzie, zg\u0142aszaj\u0105c fakt jej zagubienia u Dyspozytora Ruchu PKM Sp. z o.o. przez okres jednego miesi\u0105ca od dnia jej zagubienia.<\/li>\n<li>Pasa\u017cerowie mog\u0105 przewozi\u0107 w pojazdach ma\u0142e zwierz\u0119ta trzymane na r\u0119ku, baga\u017c podr\u0119czny oraz w\u00f3zki inwalidzkie i dzieci\u0119ce, je\u017celi istnieje mo\u017cliwo\u015b\u0107 takiego umieszczenia ich, aby nie utrudnia\u0142y przej\u015bcia i nie zagra\u017ca\u0142y bezpiecze\u0144stwu pasa\u017cer\u00f3w oraz bezpiecze\u0144stwu ruchu. Przew\u00f3z wymienionego baga\u017cu jest bezp\u0142atny.<\/li>\n<li>Psy mog\u0105 by\u0107 przewo\u017cone, gdy maj\u0105 za\u0142o\u017cony kaganiec, nie zachowuj\u0105 si\u0119 agresywnie i s\u0105 trzymane na smyczy. Osoba przewo\u017c\u0105ca psa zobowi\u0105zana jest posiada\u0107 w czasie przewozu wa\u017cne za\u015bwiadczenie potwierdzaj\u0105ce zaszczepienie psa przeciwko w\u015bciekli\u017anie.<\/li>\n<li>Pasa\u017cer zobowi\u0105zany jest do zapewnienia nadzoru i ci\u0105g\u0142ej opieki nad przewo\u017conym baga\u017cem i zwierz\u0119tami oraz podj\u0119cia wszelkich czynno\u015bci niezb\u0119dnych dla zapobie\u017cenia mo\u017cliwo\u015bci powstania szk\u00f3d spowodowanych przez przewo\u017cone przedmioty i zwierz\u0119ta.<\/li>\n<li>W pojazdach nie wolno przewozi\u0107 przedmiot\u00f3w zagra\u017caj\u0105cych bezpiecze\u0144stwu podr\u00f3\u017cnych oraz niestanowi\u0105cych baga\u017cu podr\u0119cznego w zwyczajowym jego poj\u0119ciu (np. telewizory, lod\u00f3wki, rowery, pralki itp.).<\/li>\n<li>Pasa\u017cer, kt\u00f3ry zauwa\u017cy pozostawiony bez opieki baga\u017c lub inny przedmiot niewiadomego pochodzenia, zobowi\u0105zany jest powiadomi\u0107 niezw\u0142ocznie o tym fakcie obs\u0142ug\u0119 pojazdu.<\/li>\n<li>W pojazdach obowi\u0105zuje ca\u0142kowity zakaz palenia wyrob\u00f3w tytoniowych i im podobnych, u\u017cywania e-papieros\u00f3w, picia alkoholu oraz stosowania substancji odurzaj\u0105cych.<\/li>\n<li>Pasa\u017cer odpowiada wobec przewo\u017anika za szkody powsta\u0142e wskutek zanieczyszczenia lub uszkodzenia pojazdu z jego winy oraz za szkody powsta\u0142e z jego winy w zwi\u0105zku z przewozem baga\u017cu lub zwierz\u0105t.<\/li>\n<li>Pasa\u017cer powinien odst\u0105pi\u0107 od zamiaru korzystania z drzwi po us\u0142yszeniu sygna\u0142u d\u017awi\u0119kowego oznaczaj\u0105cego ich zamykanie.<\/li>\n<\/ol>\n<p>&nbsp;<\/p>\n<p style=\"text-align: center;\"><strong>ROZDZIA\u0141 III<\/strong><\/p>\n<p style=\"text-align: center;\">PRAWA I OBOWI\u0104ZKI OBS\u0141UGI POJAZD\u00d3W<\/p>\n<ol>\n<li>Kieruj\u0105cy pojazdem ma prawo odm\u00f3wi\u0107 przewozu i kontynuowania dalszej jazdy osobom:\n<ol type=\"a\">\n<li>odmawiaj\u0105cym okazania lub zakupu wa\u017cnego biletu na przejazd albo okazania dokumentu uprawniaj\u0105cego do przejazdu bezp\u0142atnego,<\/li>\n<li>zachowuj\u0105cym si\u0119 agresywnie,<\/li>\n<li>u\u017cywaj\u0105cym s\u0142\u00f3w powszechnie uwa\u017canych za obra\u017aliwe,<\/li>\n<li>przewo\u017c\u0105cym baga\u017c nieodpowiadaj\u0105cy warunkom okre\u015blonym w przepisach i niniejszym Regulaminie Przewoz\u00f3w,<\/li>\n<li>nietrze\u017awym lub b\u0119d\u0105cym pod wp\u0142ywem innych \u015brodk\u00f3w odurzaj\u0105cych lub kt\u00f3re z innych powod\u00f3w s\u0105 niebezpieczne lub uci\u0105\u017cliwe dla pasa\u017cer\u00f3w lub obs\u0142ugi pojazdu,<\/li>\n<li>zanieczyszczaj\u0105cym pojazd,<\/li>\n<li>spo\u017cywaj\u0105cym alkohol,<\/li>\n<li>pal\u0105cym wyroby tytoniowe lub im podobne,<\/li>\n<li>u\u017cywaj\u0105cym e-papieros\u00f3w.<\/li>\n<\/ol>\n<\/li>\n<li>W przypadku stwierdzenia przez kieruj\u0105cego niebezpiecze\u0144stwa dla podr\u00f3\u017cnych zobowi\u0105zany jest on do zatrzymania pojazdu, ewakuacji pasa\u017cer\u00f3w i wezwania s\u0142u\u017cb ratunkowych.<\/li>\n<li>W szczeg\u00f3lnie uzasadnionych przypadkach obs\u0142uga pojazdu w celu uzyskania pomocy ma prawo zjecha\u0107 z trasy przejazdu do najbli\u017cszego Komisariatu Policji lub Stra\u017cy Miejskiej (lub ich wezwania i oczekiwania na interwencj\u0119 w uzgodnionym miejscu).<\/li>\n<li>Kieruj\u0105cy pojazdem przed zamkni\u0119ciem drzwi zobowi\u0105zany jest upewni\u0107 si\u0119, czy wszystkie osoby wsiadaj\u0105ce s\u0105 wewn\u0105trz a wysiadaj\u0105ce opu\u015bci\u0142y pojazd.<\/li>\n<li>Kieruj\u0105cy pojazdem ma obowi\u0105zek zatrzymania si\u0119 na przystanku, na kt\u00f3rym oczekuj\u0105 podr\u00f3\u017cni.<\/li>\n<li>Kieruj\u0105cy pojazdem nie ma obowi\u0105zku zatrzymywania si\u0119 na przystanku w przypadku niestwierdzenia obecno\u015bci podr\u00f3\u017cnych na przystanku przy jednoczesnym braku zg\u0142oszenia zamiaru wysiadania przez pasa\u017cer\u00f3w znajduj\u0105cych si\u0119 wewn\u0105trz pojazdu.<\/li>\n<li>Kieruj\u0105cy pojazdem ma prawo nie otworzy\u0107 drzwi pojazdu, w obszarze kt\u00f3rych nie zasygnalizowano zamiaru wysiadania.<\/li>\n<li>Podczas przeprowadzania kontroli bilet\u00f3w kierowca ma prawo udost\u0119pni\u0107 pasa\u017cerom do wsiadania i wysiadania wy\u0142\u0105cznie wybrane drzwi.<\/li>\n<li>Na \u017c\u0105danie pasa\u017cera kierowca jest zobowi\u0105zany do roz\u0142o\u017cenia rampy wjazdowej celem umo\u017cliwienia dost\u0119pu do autobusu osobom o ograniczonej mobilno\u015bci.<\/li>\n<li>W przypadku przyj\u0119cia przez kierowc\u0119 zg\u0142oszenia, o kt\u00f3rym mowa w Rozdziale II ust. 12., kierowca jest zobowi\u0105zany do telefonicznego powiadomienia o zaistnia\u0142ej sytuacji Dyspozytora Ruchu PKM Sp. z o.o. oraz do dokonania wpisu w kart\u0119 drogow\u0105.<\/li>\n<li>Kieruj\u0105cy pojazdem ma obowi\u0105zek przyj\u0105\u0107 od pasa\u017cera rzecz znalezion\u0105 w poje\u017adzie oraz przekaza\u0107 j\u0105 Dyspozytorowi Ruchu PKM Sp. z o.o.<\/li>\n<\/ol>\n<p>&nbsp;<\/p>\n<p style=\"text-align: center;\"><strong>ROZDZIA\u0141 IV<\/strong><\/p>\n<p style=\"text-align: center;\">KONTROLA BILETOWA<\/p>\n<ol>\n<li>Prawo do kontroli bilet\u00f3w oraz dokument\u00f3w uprawniaj\u0105cych do bezp\u0142atnych lub ulgowych przejazd\u00f3w w pojazdach PKM Sp. z o.o. maj\u0105 kieruj\u0105cy pojazdem oraz osoby upowa\u017cnione przez PKM Sp. z o.o. legitymuj\u0105ce si\u0119 identyfikatorem ze zdj\u0119ciem, piecz\u0119ci\u0105 i podpisem wystawcy oraz numerem s\u0142u\u017cbowym, zwani dalej kontrolerami.<\/li>\n<li>Pasa\u017cer, przebywaj\u0105c w poje\u017adzie, zobowi\u0105zany jest do posiadania i niezw\u0142ocznego okazywania na ka\u017cde \u017c\u0105danie kontroluj\u0105cego (w spos\u00f3b umo\u017cliwiaj\u0105cy potwierdzenie autentyczno\u015bci) wa\u017cnych bilet\u00f3w oraz dokument\u00f3w uprawniaj\u0105cych do przejazd\u00f3w bezp\u0142atnych lub ulgowych.<\/li>\n<li>W razie stwierdzenia braku odpowiedniego dokumentu przewozu kontroler pobiera w\u0142a\u015bciw\u0105 nale\u017cno\u015b\u0107 za przew\u00f3z i op\u0142at\u0119 dodatkow\u0105 albo wystawia wezwanie do zap\u0142aty.<\/li>\n<li>W razie stwierdzenia braku wa\u017cnego dokumentu po\u015bwiadczaj\u0105cego uprawnienie do bezp\u0142atnego albo ulgowego przejazdu kontroler pobiera w\u0142a\u015bciw\u0105 nale\u017cno\u015b\u0107 za przew\u00f3z i op\u0142at\u0119 dodatkow\u0105 albo wystawia wezwanie do jej zap\u0142aty. Pobrana nale\u017cno\u015b\u0107 za przew\u00f3z i op\u0142ata dodatkowa, po uiszczeniu op\u0142aty manipulacyjnej odpowiadaj\u0105cej kosztom poniesionym przez przewo\u017anika, podlegaj\u0105 zwrotowi, a w przypadku wezwania do zap\u0142aty \u2013 umorzeniu, w przypadku udokumentowania przez podr\u00f3\u017cnego, nie p\u00f3\u017aniej ni\u017c w terminie 7 dni od dnia przewozu, uprawnie\u0144 do bezp\u0142atnego lub ulgowego przejazdu.<\/li>\n<li>W razie posiadania przez podr\u00f3\u017cnego wa\u017cnego dokumentu przewozu, kt\u00f3rego nie mia\u0142 podczas przejazdu, do zwrotu i umarzania nale\u017cno\u015bci za przew\u00f3z i op\u0142aty dodatkowej stosuje si\u0119 przepis ust. 4., zdanie drugie.<\/li>\n<li>Kontroler ma prawo:\n<ol style=\"text-align: justify;\" type=\"a\">\n<li>w razie odmowy zap\u0142acenia nale\u017cno\u015bci \u2013 \u017c\u0105da\u0107 okazania dokumentu umo\u017cliwiaj\u0105cego stwierdzenie to\u017csamo\u015bci podr\u00f3\u017cnego,<\/li>\n<li>w razie niezap\u0142acenia nale\u017cno\u015bci i nieokazania dokumentu \u2013 uj\u0105\u0107 podr\u00f3\u017cnego i niezw\u0142ocznie odda\u0107 go w r\u0119ce Policji<br \/>\nlub innych organ\u00f3w porz\u0105dkowych, kt\u00f3re maj\u0105 zgodnie z przepisami prawo zatrzymania podr\u00f3\u017cnego i podj\u0119cia czynno\u015bci zmierzaj\u0105cych do ustalenia jego to\u017csamo\u015bci,<\/li>\n<li>w razie uzasadnionego podejrzenia, \u017ce dokument przewozu albo dokument uprawniaj\u0105cy do przejazdu bezp\u0142atnego<br \/>\nlub ulgowego jest podrobiony lub przerobiony \u2013 zatrzyma\u0107 dokument za pokwitowaniem oraz przes\u0142a\u0107 go Prokuraturze<br \/>\nlub Policji, z powiadomieniem wystawcy dokumentu.<\/li>\n<\/ol>\n<\/li>\n<li>Wystawianie op\u0142aty dodatkowej lub wezwania do jej zap\u0142aty powinno odbywa\u0107 si\u0119 wy\u0142\u0105cznie w poje\u017adzie. Osoba, kt\u00f3rej wystawia si\u0119 op\u0142at\u0119 dodatkow\u0105 lub wezwanie do jej zap\u0142aty zobowi\u0105zana jest oczekiwa\u0107 w poje\u017adzie do czasu zako\u0144czenia tych czynno\u015bci.<\/li>\n<li>W przypadku, o kt\u00f3rym mowa w ust. 6. pkt b, do czasu przybycia funkcjonariusza Policji lub innych organ\u00f3w porz\u0105dkowych, podr\u00f3\u017cny obowi\u0105zany jest pozosta\u0107 w miejscu przeprowadzania kontroli albo w innym miejscu wskazanym przez kontrolera. Je\u017celi interwencja taka spowoduje op\u00f3\u017anienie pojazdu lub wi\u0105\u017ce si\u0119 z konieczno\u015bci\u0105 zmiany trasy autobusu, podr\u00f3\u017cny zobowi\u0105zany jest do wniesienia z tego tytu\u0142u dodatkowej op\u0142aty.<\/li>\n<li>PKM Sp. z o.o. nie odpowiada za dokumenty pozostawione przez pasa\u017cera kontrolerom.<\/li>\n<li>Wystawiona op\u0142ata dodatkowa lub wezwanie do jej zap\u0142aty upowa\u017cniaj\u0105 do kontynuowania podr\u00f3\u017cy do ko\u0144ca trasy kursu, w kt\u00f3rym zosta\u0142y one wystawione.<\/li>\n<li>Od na\u0142o\u017conej op\u0142aty dodatkowej pasa\u017cerowi przys\u0142uguje pisemne odwo\u0142anie do PKM Sp. z o.o. Odwo\u0142anie mo\u017ce zosta\u0107 wniesione w terminie 14 dni od jej na\u0142o\u017cenia. Odwo\u0142ania z\u0142o\u017cone po tym terminie nie s\u0105 rozpatrywane. PKM Sp. z o.o. upowa\u017cniony jest do przekazywania wniesionych odwo\u0142a\u0144 celem ich weryfikacji podmiotowi kontroluj\u0105cemu bilety, kt\u00f3ry na\u0142o\u017cy\u0142 dan\u0105 op\u0142at\u0119 dodatkow\u0105.<\/li>\n<li>W szczeg\u00f3lnie uzasadnionych przypadkach PKM Sp. z o.o. ma prawo odst\u0105pi\u0107 od nale\u017cnej mu op\u0142aty dodatkowej.<\/li>\n<\/ol>\n<p>&nbsp;<\/p>\n<p style=\"text-align: center;\"><strong>ROZDZIA\u0141 V<\/strong><\/p>\n<p style=\"text-align: center;\">WYSOKO\u015a\u0106 OP\u0141AT DODATKOWYCH I MANIPULACYJNYCH<\/p>\n<ol>\n<li><strong>\u00a0<\/strong>Wysoko\u015b\u0107 op\u0142at dodatkowych regulowana jest uchwa\u0142\u0105 nr XI\/127\/2011 Rady Miejskiej w Jaworznie z dnia 23 sierpnia 2011 r. w sprawie ustalania wysoko\u015bci op\u0142at dodatkowych oraz op\u0142aty manipulacyjnej w odniesieniu do gminnego transportu zbiorowego w Jaworznie.<\/li>\n<li>Op\u0142ata dodatkowa za przejazd bez odpowiedniego dokumentu przewozu lub za przejazd bez wa\u017cnego dokumentu po\u015bwiadczaj\u0105cego uprawnienie do bezp\u0142atnego albo ulgowego przejazdu wynosi 320,00 z\u0142 (plus przewo\u017ane), p\u0142atna do 7 dni \u2013 200,00 z\u0142 (plus przewo\u017ane).<\/li>\n<li>Op\u0142ata dodatkowa za przejazd bez odpowiedniego dokumentu przewozu lub za przejazd bez wa\u017cnego dokumentu po\u015bwiadczaj\u0105cego uprawnienie do bezp\u0142atnego albo ulgowego przejazdu p\u0142atna w miejscu kontroli wynosi 150,00 z\u0142 (w tym przewo\u017ane).<\/li>\n<li>Op\u0142ata manipulacyjna za anulowanie op\u0142aty dodatkowej wynosi 20,00 z\u0142.<\/li>\n<li>Op\u0142ata manipulacyjna za anulowanie op\u0142aty dodatkowej, wystawionej z powodu nieokazania podczas kontroli aktywnej Jaworznickiej Karty Mieszka\u0144ca J-ka przez osob\u0119 korzystaj\u0105c\u0105 z biletu rocznego zakupionego po 1 grudnia 2025 r., nie b\u0119dzie pobierana od os\u00f3b, kt\u00f3re w terminie 7 dni od daty wystawienia tej op\u0142aty dodatkowej udokumentuj\u0105 w spos\u00f3b niebudz\u0105cy w\u0105tpliwo\u015bci posiadanie Jaworznickiej Karty Mieszka\u0144ca J-ka wydanej i aktywowanej przed zakupem biletu rocznego, na podstawie kt\u00f3rego odbywano przejazd.<\/li>\n<li>Op\u0142ata dodatkowa za spowodowanie przez podr\u00f3\u017cnego zatrzymania lub zmiany trasy \u015brodka transportu bez uzasadnionej przyczyny wynosi 600,00 z\u0142.<\/li>\n<\/ol>\n<p>&nbsp;<\/p>\n<p style=\"text-align: center;\"><strong>ROZDZIA\u0141 VI<\/strong><\/p>\n<p style=\"text-align: center;\">POSTANOWIENIA KO\u0143COWE<\/p>\n<ol>\n<li><strong>\u00a0<\/strong>Skargi i wnioski dotycz\u0105ce funkcjonowania PKM Sp. z o.o. przyjmuje Zarz\u0105d Sp\u00f3\u0142ki w siedzibie PKM Sp. z o.o. przy ulicy Krakowskiej 9 w Jaworznie w ka\u017cd\u0105 robocz\u0105 \u015brod\u0119 w godzinach od 12:00 do 13:00.<\/li>\n<li>Skargi, wnioski i reklamacje mo\u017cna sk\u0142ada\u0107 w formie pisemnej lub ustnej do protoko\u0142u w siedzibie PKM Sp. z o.o. przy ulicy Krakowskiej 9 w Jaworznie w godzinach od 07:00 do 15:00 w dni robocze, poczt\u0105 tradycyjn\u0105, poczt\u0105 elektroniczn\u0105 na adres: pkm@pkm.jaworzno.pl lub faxem na numer 32-753-55-01.<\/li>\n<\/ol>\n<p>&nbsp;<\/p>\n<p style=\"text-align: center;\"><strong>ROZDZIA\u0141 VII<\/strong><\/p>\n<p style=\"text-align: center;\">PRZEPISY PRAWNE<\/p>\n<ol>\n<li>Podstaw\u0119 prawn\u0105 wydania niniejszego regulaminu stanowi art. 4 ustawy z dnia 15 listopada 1984 r. \u2013 Prawo przewozowe (t.j. Dz.U. z 2024 r. poz. 1262).<\/li>\n<li>W sprawach nieuregulowanych niniejszym regulaminem zastosowanie maj\u0105 przepisy: ustawy z dnia 15 listopada 1984 r. \u2013 Prawo przewozowe (t.j. Dz.U. z 2024 r. poz. 1262) oraz ustawy z dnia 23 kwietnia 1964 r. \u2013 Kodeks cywilny (t.j. Dz.U. z 2025 r. poz. 1071), a tak\u017ce innych w\u0142a\u015bciwych przepis\u00f3w prawa powszechnie obowi\u0105zuj\u0105cego.<\/li>\n<\/ol>\n<p><a href=\"http:\/\/www.pkm.jaworzno.pl\/www\/wp-content\/uploads\/2026\/04\/Regulamin-Przewozow_20042026.pdf\">Regulamin Przewoz\u00f3w wa\u017cny od 20 kwietnia 2026 r. (plik *pdf)<\/a><\/p>\n<hr \/>\n<div><a href=\"https:\/\/www.pkm.jaworzno.pl\/www\/inne\/ochrona-danych-osobowych\/\">Klauzula informacyjna zgodna z Rozporz\u0105dzeniem Og\u00f3lnym o Ochronie Danych Osobowych<\/a><\/div>\n","protected":false},"excerpt":{"rendered":"<p>Za\u0142\u0105cznik do Uchwa\u0142y Zarz\u0105du PKM Sp\u00f3\u0142ka z o.o. nr 19\/04\/2026 z dnia 13 kwietnia 2026 r. Obowi\u0105zuje od 20 kwietnia 2026 r. REGULAMIN PRZEWOZ\u00d3W PKM SP. Z O.O. W JAWORZNIE ROZDZIA\u0141 I PRZEPISY OG\u00d3LNE Do przestrzegania niniejszego regulaminu zobowi\u0105zani s\u0105 pasa\u017cerowie, kieruj\u0105cy pojazdem, kontrolerzy, a tak\u017ce personel nadzoru ruchu. Umow\u0119 przewozu zawiera si\u0119 poprzez zaj\u0119cie [&hellip;]<\/p>\n","protected":false},"author":6,"featured_media":0,"parent":6583,"menu_order":1,"comment_status":"open","ping_status":"closed","template":"","meta":{"_acf_changed":false,"footnotes":""},"class_list":["post-1140","page","type-page","status-publish","hentry"],"acf":[],"publishpress_future_action":{"enabled":false,"date":"2026-05-11 14:33:56","action":"change-status","newStatus":"draft","terms":[],"taxonomy":"","extraData":[]},"publishpress_future_workflow_manual_trigger":{"enabledWorkflows":[]},"_links":{"self":[{"href":"https:\/\/www.pkm.jaworzno.pl\/www\/wp-json\/wp\/v2\/pages\/1140","targetHints":{"allow":["GET"]}}],"collection":[{"href":"https:\/\/www.pkm.jaworzno.pl\/www\/wp-json\/wp\/v2\/pages"}],"about":[{"href":"https:\/\/www.pkm.jaworzno.pl\/www\/wp-json\/wp\/v2\/types\/page"}],"author":[{"embeddable":true,"href":"https:\/\/www.pkm.jaworzno.pl\/www\/wp-json\/wp\/v2\/users\/6"}],"replies":[{"embeddable":true,"href":"https:\/\/www.pkm.jaworzno.pl\/www\/wp-json\/wp\/v2\/comments?post=1140"}],"version-history":[{"count":27,"href":"https:\/\/www.pkm.jaworzno.pl\/www\/wp-json\/wp\/v2\/pages\/1140\/revisions"}],"predecessor-version":[{"id":17415,"href":"https:\/\/www.pkm.jaworzno.pl\/www\/wp-json\/wp\/v2\/pages\/1140\/revisions\/17415"}],"up":[{"embeddable":true,"href":"https:\/\/www.pkm.jaworzno.pl\/www\/wp-json\/wp\/v2\/pages\/6583"}],"wp:attachment":[{"href":"https:\/\/www.pkm.jaworzno.pl\/www\/wp-json\/wp\/v2\/media?parent=1140"}],"curies":[{"name":"wp","href":"https:\/\/api.w.org\/{rel}","templated":true}]}}