{"id":2,"date":"2011-12-30T09:00:17","date_gmt":"2011-12-30T08:00:17","guid":{"rendered":"http:\/\/www.nowastrona.pkm.jaworzno.pl\/www\/?page_id=2"},"modified":"2026-04-15T08:04:01","modified_gmt":"2026-04-15T06:04:01","slug":"cennik-biletow","status":"publish","type":"page","link":"https:\/\/www.pkm.jaworzno.pl\/www\/bilety\/cennik-biletow\/","title":{"rendered":"Cennik bilet\u00f3w"},"content":{"rendered":"<p><em>Za\u0142\u0105cznik Nr 1 do zarz\u0105dzenia Nr GK.0050.22.2026 Prezydenta Miasta Jaworzna z dnia 16 stycznia 2026 r.<\/em><\/p>\n<h3 style=\"text-align: center;\">CENNIK OP\u0141AT<\/h3>\n<p style=\"text-align: center;\">Za przejazdy \u015brodkami komunikacji miejskiej PKM Sp. z o. o. Jaworznie<\/p>\n<p style=\"text-align: center;\">(obowi\u0105zuj\u0105 wy\u0142\u0105cznie bilety wyemitowane przez PKM Sp. z o. o. w Jaworznie)<\/p>\n<p style=\"text-align: center;\"><strong>Cennik obowi\u0105zuje od 16 stycznia 2026 r.<\/strong><\/p>\n<h3>I. Op\u0142aty za przejazdy jednorazowe.<\/h3>\n<table class=\"table-special\">\n<tbody>\n<tr>\n<th>OBSZAR OBOWI\u0104ZYWANIA BILETU STREFOWEGO<\/th>\n<th>Cena biletu normalnego<\/th>\n<th>Cena biletu ulgowego<\/th>\n<\/tr>\n<tr class=\"text\">\n<td>Teren <strong>jednego<\/strong> miasta (gminy).<\/td>\n<td><strong>4,00 z\u0142<\/strong><\/td>\n<td><strong>2,00 z\u0142<\/strong><\/td>\n<\/tr>\n<tr>\n<td>Teren <strong>dw\u00f3ch<\/strong> s\u0105siaduj\u0105cych miast (gmin).<\/td>\n<td><strong>4,60 z\u0142<\/strong><\/td>\n<td><strong>2,30 z\u0142<\/strong><\/td>\n<\/tr>\n<tr>\n<td>Teren <strong>trzech i wi\u0119cej<\/strong> miast (gmin).<\/td>\n<td><strong>5,00 z\u0142<\/strong><\/td>\n<td><strong>2,50 z\u0142<\/strong><\/td>\n<\/tr>\n<\/tbody>\n<\/table>\n<p>Teren miast Mys\u0142owice i Sosnowiec traktowa\u0107 nale\u017cy jako teren jednego miasta (gminy).<\/p>\n<h3>II. Promocyjne op\u0142aty za przejazdy jednorazowe dla pasa\u017cer\u00f3w op\u0142acaj\u0105cych przejazd z Elektronicznej Portmonetki dost\u0119pnej na Jaworznickiej Karcie Miejskiej, kt\u00f3rzy zarejestrowali zar\u00f3wno swoje wej\u015bcie jak i wyj\u015bcie z autobusu.<\/h3>\n<h3><span style=\"color: #ff0000;\">Uzupe\u0142nienie nowych \u015brodk\u00f3w w Elektronicznych Portmonetkach mo\u017cliwe b\u0119dzie do <strong>13 kwietnia 2025 r.<\/strong> W okresie od <strong>14 kwietnia 2025 r.<\/strong> do <strong>19 kwietnia 2026 r.<\/strong> mo\u017cliwe b\u0119dzie jedynie wykorzystanie wcze\u015bniej zgromadzonych \u015brodk\u00f3w.<\/span><\/h3>\n<table class=\"table-special\">\n<tbody>\n<tr>\n<th>OBSZAR OBOWI\u0104ZYWANIA BILETU STREFOWEGO<\/th>\n<th>Cena biletu normalnego<\/th>\n<th>Cena biletu ulgowego<\/th>\n<\/tr>\n<tr class=\"text\">\n<td>Teren <strong>jednego<\/strong> miasta (gminy).<\/td>\n<td><strong>3,00 z\u0142<\/strong><\/td>\n<td><strong>1,50 z\u0142<\/strong><\/td>\n<\/tr>\n<tr>\n<td>Teren <strong>dw\u00f3ch<\/strong> s\u0105siaduj\u0105cych miast (gmin).<\/td>\n<td><strong>3,60 z\u0142<\/strong><\/td>\n<td><strong>1,80 z\u0142<\/strong><\/td>\n<\/tr>\n<tr>\n<td>Teren <strong>trzech i wi\u0119cej<\/strong> miast (gmin).<\/td>\n<td><strong>4,60 z\u0142<\/strong><\/td>\n<td><strong>2,30 z\u0142<\/strong><\/td>\n<\/tr>\n<\/tbody>\n<\/table>\n<p>Teren miast Mys\u0142owice i Sosnowiec traktowa\u0107 nale\u017cy jako teren jednego miasta (gminy).<\/p>\n<p>W przypadku braku rejestracji wyj\u015bcia z autobusu przez pasa\u017cera op\u0142acaj\u0105cego przejazd z Elektronicznej Portmonetki dost\u0119pnej na Jaworznickiej Karcie Miejskiej uznaje si\u0119, \u017ce pasa\u017cer odby\u0142 podr\u00f3\u017c do ko\u0144ca trasy danego kursu i naliczana jest op\u0142ata zgodnie z punktem I.<\/p>\n<h3>III. Bilety czasowe na okaziciela.<\/h3>\n<table class=\"table-special\">\n<tbody>\n<tr>\n<th>RODZAJ BILETU<\/th>\n<th>UPRAWNIENIA<\/th>\n<th>Cena biletu normalnego<\/th>\n<th>Cena biletu ulgowego<\/th>\n<\/tr>\n<tr>\n<td><strong>Dzienny<\/strong><\/td>\n<td>Bilet upowa\u017cnia do przejazdu wszystkimi liniami na terenie <strong>ca\u0142ej sieci PKM Sp. z o.o.<\/strong> -wa\u017cny <strong>do godz. 24:00<\/strong> dnia, w kt\u00f3rym zosta\u0142 zakupiony.<\/td>\n<td><strong>7,00 z\u0142 <\/strong><\/td>\n<td><strong>3,50 z\u0142 <\/strong><\/td>\n<\/tr>\n<\/tbody>\n<\/table>\n<h3>IV. Imienne bilety okresowe.<\/h3>\n<table class=\"table-special\">\n<tbody>\n<tr>\n<th>Symbol<\/th>\n<th>Uprawnienia<\/th>\n<th>Cena biletu normalnego<\/th>\n<th>Cena biletu ulgowego<\/th>\n<\/tr>\n<tr>\n<td><strong> T &#8211; C <\/strong><\/td>\n<td>Bilet upowa\u017cnia do przejazdu wszystkimi liniami na terenie <strong>ca\u0142ej sieci PKM Sp. z o.o.<\/strong> przez okres <strong>7 dni<\/strong> od daty oznaczonej na bilecie.<\/td>\n<td><strong>38,00 z\u0142 <\/strong><\/td>\n<td><strong> 19,00 z\u0142 <\/strong><\/td>\n<\/tr>\n<tr>\n<td><strong> M &#8211; C <\/strong><\/td>\n<td>Bilet upowa\u017cnia do przejazdu wszystkimi liniami na terenie<strong> ca\u0142ej sieci PKM Sp. z o.o.<\/strong> przez okres <strong>30 dni<\/strong> od daty oznaczonej na bilecie.<\/td>\n<td><strong>100,00 z\u0142 <\/strong><\/td>\n<td><strong>50,00 z\u0142 <\/strong><\/td>\n<\/tr>\n<tr>\n<td><strong> K &#8211; C <\/strong><\/td>\n<td>Bilet upowa\u017cnia do przejazdu wszystkimi liniami na terenie<strong> ca\u0142ej sieci PKM Sp. z o.o.<\/strong> przez okres <strong>90 dni<\/strong> od daty oznaczonej na bilecie.<\/td>\n<td><strong>200,00 z\u0142 <\/strong><\/td>\n<td><strong>100,00 z\u0142 <\/strong><\/td>\n<\/tr>\n<\/tbody>\n<\/table>\n<h3>V. Imienne bilety okresowe dost\u0119pne <span style=\"text-decoration: underline;\">tylko i wy\u0142\u0105cznie<\/span> dla os\u00f3b posiadaj\u0105cych Jaworznick\u0105 Kart\u0119 Mieszka\u0144ca J-ka<\/h3>\n<table class=\"table-special\">\n<tbody>\n<tr>\n<th>Symbol<\/th>\n<th>Uprawnienia<\/th>\n<th>Cena biletu normalnego<\/th>\n<th>Cena biletu ulgowego<\/th>\n<\/tr>\n<tr>\n<td><strong>R &#8211; C <\/strong><\/td>\n<td>Bilet upowa\u017cnia do przejazdu wszystkimi liniami na terenie<strong> ca\u0142ej sieci PKM Sp. z o.o.<\/strong> przez okres <strong>roczny<\/strong> od daty oznaczonej na bilecie <span style=\"color: #ff0000;\">pod warunkiem okazania &#8222;J-ka Jaworznickiej Karty Mieszka\u0144ca&#8221;.<\/span><\/td>\n<td><strong>300,00 z\u0142 <\/strong><\/td>\n<td><strong>150,00 z\u0142 <\/strong><\/td>\n<\/tr>\n<\/tbody>\n<\/table>\n<h3>VI. Wszystkie podane ceny s\u0105 cenami brutto, zawieraj\u0105 podatek od towar\u00f3w i us\u0142ug.<\/h3>\n<h3>VII. Uiszczenie op\u0142aty za przejazd osoby lub uprawnienie do bezp\u0142atnego przejazdu upowa\u017cnia do przewozu baga\u017cu (w tym w\u00f3zka dzieci\u0119cego i inwalidzkiego) oraz zwierz\u0119cia.<\/h3>\n<hr \/>\n<table class=\"table-special\">\n<tbody>\n<tr>\n<th><span style=\"color: #000000;\"><strong>KANA\u0141 DYSTRYBUCJI BILETU:<\/strong><\/span><\/th>\n<th><span style=\"color: #000000;\">RODZAJE DOST\u0118PNYCH BILET\u00d3W:<\/span><\/th>\n<th><span style=\"color: #000000;\">SPOS\u00d3B WNIESIENIA OP\u0141ATY:<\/span><\/th>\n<\/tr>\n<tr>\n<td><span style=\"color: #000000;\">Sprzeda\u017c u kierowcy z kasy fiskalnej.<\/span><\/td>\n<td><span style=\"color: #000000;\">Wszystkie bilety jednorazowe i czasowe na okaziciela.<\/span><\/td>\n<td><span style=\"color: #000000;\">Got\u00f3wka, karty p\u0142atnicze (zbli\u017ceniowo).<\/span><\/td>\n<\/tr>\n<tr>\n<td><span style=\"color: #000000;\">Biletomat w wybranych pojazdach.<\/span><\/td>\n<td><span style=\"color: #000000;\">Wszystkie bilety jednorazowe i czasowe na okaziciela.<\/span><\/td>\n<td><span style=\"color: #000000;\">Bilon (10 gr, 20 gr, 50 gr, 1 z\u0142, 2 z\u0142, 5 z\u0142), karty p\u0142atnicze (zbli\u017ceniowo).<\/span><\/td>\n<\/tr>\n<tr>\n<td><span style=\"color: #000000;\">Czytniki Open Payment System.<\/span><\/td>\n<td><span style=\"color: #000000;\">Wszystkie bilety jednorazowe i czasowe na okaziciela.<\/span><\/td>\n<td><span style=\"color: #000000;\">Karty p\u0142atnicze (zbli\u017ceniowo).<\/span><\/td>\n<\/tr>\n<tr>\n<td><span style=\"color: #000000;\">Sklep internetowy <a href=\"https:\/\/bilety.pkmjaworzno.pl\/\">bilety.pkmjaworzno.pl<\/a><\/span><\/td>\n<td><span style=\"color: #000000;\">Wszystkie imienne bilety okresowe.<\/span><\/td>\n<td><span style=\"color: #000000;\">P\u0142atno\u015bci internetowe.<\/span><\/td>\n<\/tr>\n<tr>\n<td><span style=\"color: #000000;\">Stacjonarne punkty sprzeda\u017cy.<\/span><\/td>\n<td><span style=\"color: #000000;\">Wszystkie imienne bilety okresowe.<\/span><\/td>\n<td><span style=\"color: #000000;\">Got\u00f3wka, wybrane punkty sprzeda\u017cy akceptuj\u0105 tak\u017ce karty p\u0142atnicze.<\/span><\/td>\n<\/tr>\n<tr>\n<td><span style=\"color: #000000;\">Aplikacja mobilna PKM.<\/span><\/td>\n<td><span style=\"color: #000000;\">Wszystkie rodzaje bilet\u00f3w.<\/span><\/td>\n<td><span style=\"color: #000000;\">P\u0142atno\u015bci internetowe.<\/span><\/td>\n<\/tr>\n<\/tbody>\n<\/table>\n<div><\/div>\n<div><a href=\"http:\/\/www.pkm.jaworzno.pl\/www\/wp-content\/uploads\/2026\/04\/CENNIK-OPLAT-OD-20260420.pdf\">Cennik Op\u0142at wa\u017cny od 16 stycznia 2026 r. (plik w formacie *pdf)<\/a><\/div>\n<div>\n<hr \/>\n<\/div>\n<div><a href=\"https:\/\/www.pkm.jaworzno.pl\/www\/inne\/ochrona-danych-osobowych\/\">Klauzula informacyjna zgodna z Rozporz\u0105dzeniem Og\u00f3lnym o Ochronie Danych Osobowych<\/a><\/div>\n<div><\/div>\n<div>\n<div class=\"wp-block-image\"><\/div>\n<\/div>\n","protected":false},"excerpt":{"rendered":"<p>Za\u0142\u0105cznik Nr 1 do zarz\u0105dzenia Nr GK.0050.22.2026 Prezydenta Miasta Jaworzna z dnia 16 stycznia 2026 r. CENNIK OP\u0141AT Za przejazdy \u015brodkami komunikacji miejskiej PKM Sp. z o. o. Jaworznie (obowi\u0105zuj\u0105 wy\u0142\u0105cznie bilety wyemitowane przez PKM Sp. z o. o. w Jaworznie) Cennik obowi\u0105zuje od 16 stycznia 2026 r. I. Op\u0142aty za przejazdy jednorazowe. OBSZAR OBOWI\u0104ZYWANIA [&hellip;]<\/p>\n","protected":false},"author":6,"featured_media":0,"parent":6583,"menu_order":0,"comment_status":"open","ping_status":"closed","template":"","meta":{"_acf_changed":false,"footnotes":""},"class_list":["post-2","page","type-page","status-publish","hentry"],"acf":[],"publishpress_future_action":{"enabled":false,"date":"2026-05-24 22:58:27","action":"change-status","newStatus":"draft","terms":[],"taxonomy":"","extraData":[]},"publishpress_future_workflow_manual_trigger":{"enabledWorkflows":[]},"_links":{"self":[{"href":"https:\/\/www.pkm.jaworzno.pl\/www\/wp-json\/wp\/v2\/pages\/2","targetHints":{"allow":["GET"]}}],"collection":[{"href":"https:\/\/www.pkm.jaworzno.pl\/www\/wp-json\/wp\/v2\/pages"}],"about":[{"href":"https:\/\/www.pkm.jaworzno.pl\/www\/wp-json\/wp\/v2\/types\/page"}],"author":[{"embeddable":true,"href":"https:\/\/www.pkm.jaworzno.pl\/www\/wp-json\/wp\/v2\/users\/6"}],"replies":[{"embeddable":true,"href":"https:\/\/www.pkm.jaworzno.pl\/www\/wp-json\/wp\/v2\/comments?post=2"}],"version-history":[{"count":82,"href":"https:\/\/www.pkm.jaworzno.pl\/www\/wp-json\/wp\/v2\/pages\/2\/revisions"}],"predecessor-version":[{"id":17393,"href":"https:\/\/www.pkm.jaworzno.pl\/www\/wp-json\/wp\/v2\/pages\/2\/revisions\/17393"}],"up":[{"embeddable":true,"href":"https:\/\/www.pkm.jaworzno.pl\/www\/wp-json\/wp\/v2\/pages\/6583"}],"wp:attachment":[{"href":"https:\/\/www.pkm.jaworzno.pl\/www\/wp-json\/wp\/v2\/media?parent=2"}],"curies":[{"name":"wp","href":"https:\/\/api.w.org\/{rel}","templated":true}]}}