{"id":246,"date":"2010-12-31T13:36:49","date_gmt":"2010-12-31T13:36:49","guid":{"rendered":"http:\/\/test.pkm.jaworzno.pl\/www\/"},"modified":"2011-01-12T06:02:43","modified_gmt":"2011-01-12T06:02:43","slug":"mmpk-rozklady-jazdy-na-telefon-komorkowy","status":"publish","type":"page","link":"https:\/\/www.pkm.jaworzno.pl\/www\/mmpk-rozklady-jazdy-na-telefon-komorkowy\/","title":{"rendered":"mMPK \u2013 rozk\u0142ady jazdy na telefon kom\u00f3rkowy (technologia Java)"},"content":{"rendered":"<p>MobileMPK (w skr\u00f3cie mMPK) jest aplikacj\u0105 stworzon\u0105 w mobilnej technologii Java przeznaczon\u0105 na telefony kom\u00f3rkowe. Aplikacja umo\u017cliwia sta\u0142y dost\u0119p do rozk\u0142adu jazdy Przedsi\u0119biorstwa Komunikacji Miejskiej Sp. z o.o. w Jaworznie. Za jej pomoc\u0105 pasa\u017cer mo\u017ce sprawdzi\u0107 rozk\u0142ad jazdy dowolnej linii na terenie ca\u0142ej sieci komunikacyjnej PKM Jaworzno. Dzi\u0119ki funkcji definiowania po\u0142\u0105cze\u0144 istnieje mo\u017cliwo\u015b\u0107 uzyskania informacji o po\u0142\u0105czeniach pomi\u0119dzy dowolnymi przystankami, kolejnych godzinach odjazdu autobus\u00f3w, czasie trwania podr\u00f3\u017cy oraz szczeg\u00f3\u0142\u00f3w dotycz\u0105cych przesiadek.<\/p>\n<p>Aplikacj\u0119 mo\u017cna pobra\u0107 ze strony <a title=\"mmpk.info\" href=\"http:\/\/www.mmpk.info\" target=\"_self\">http:\/\/www.mmpk.info<\/a><\/p>\n<p><strong>FUNKCJE APLIKACJI<\/strong><\/p>\n<ul>\n<li>wy\u015bwietlanie rozk\u0142adu jazdy pojedynczej linii na wybranym przystanku,<\/li>\n<li>wy\u015bwietlanie listy linii zatrzymuj\u0105cych si\u0119 na wybranym przystanku,<\/li>\n<li>wy\u015bwietlanie rozk\u0142adu ca\u0142ego przystanku (na jednym ekranie wy\u015bwietlany jest spis kolejno odje\u017cd\u017caj\u0105cych autobus\u00f3w z wybranego przystanku wraz z godzin\u0105 i kierunkiem jazdy),<\/li>\n<li>wy\u015bwietlanie informacji o po\u0142\u0105czeniach pomi\u0119dzy dowolnymi przystankami,<\/li>\n<li>mo\u017cliwo\u015b\u0107 utworzenia listy ulubionych przystank\u00f3w.<\/li>\n<\/ul>\n<p><strong>JAK KORZYSTA\u0106 Z APLIKACJI?<\/strong><\/p>\n<p>Dok\u0142adna instrukcja obs\u0142ugi programu znajduje si\u0119 na stronie:<\/p>\n<p><strong><a href=\"http:\/\/www.mmpk.info\/instrukcja_obslugi_rozkladu_jazdy_na_telefon_komorkowy,14,.html\" target=\"_blank\">http:\/\/www.mmpk.info\/instrukcja_obslugi_rozkladu_jazdy_na_telefon_komorkowy,14,.html<\/a><\/strong><\/p>\n<p><strong>ILE TO KOSZTUJE?<\/strong><\/p>\n<p>Program jest p\u0142atny. Szczeg\u00f3\u0142y odp\u0142atno\u015bci i zasady korzystania z niej znajduj\u0105 si\u0119 na <a title=\"mmpk.info\" href=\"http:\/\/www.mmpk.info\" target=\"_self\">http:\/\/www.mmpk.info<\/a><\/p>\n<p><strong>WYMAGANIA PROGRAMU<\/strong><\/p>\n<p>Do uruchomienia aplikacji potrzebny jest jedynie telefon kom\u00f3rkowy wyposa\u017cony w mobiln\u0105 technologi\u0119 Java. Aplikacja potrzebuje r\u00f3wnie\u017c co najmniej 30 KB wolnej pami\u0119ci w telefonie. Ca\u0142kowity rozmiar pliku to ok 100 kB.<\/p>\n<hr size=\"1\" \/>Przedsi\u0119biorstwo Komunikacji Miejskiej Sp. z o.o. w Jaworznie nie ponosi odpowiedzialno\u015bci za szkody wynik\u0142e z b\u0142\u0119d\u00f3w lub nieprawid\u0142owo\u015bci udost\u0119pnionego rozk\u0142adu jazdy.<\/p>\n<hr size=\"1\" \/>\n","protected":false},"excerpt":{"rendered":"<p>MobileMPK (w skr\u00f3cie mMPK) jest aplikacj\u0105 stworzon\u0105 w mobilnej technologii Java przeznaczon\u0105 na telefony kom\u00f3rkowe. Aplikacja umo\u017cliwia sta\u0142y dost\u0119p do rozk\u0142adu jazdy Przedsi\u0119biorstwa Komunikacji Miejskiej Sp. z o.o. w Jaworznie. Za jej pomoc\u0105 pasa\u017cer mo\u017ce sprawdzi\u0107 rozk\u0142ad jazdy dowolnej linii na terenie ca\u0142ej sieci komunikacyjnej PKM Jaworzno. Dzi\u0119ki funkcji definiowania po\u0142\u0105cze\u0144 istnieje mo\u017cliwo\u015b\u0107 uzyskania informacji [&hellip;]<\/p>\n","protected":false},"author":6,"featured_media":0,"parent":0,"menu_order":99,"comment_status":"closed","ping_status":"closed","template":"","meta":{"_acf_changed":false,"footnotes":""},"class_list":["post-246","page","type-page","status-publish","hentry"],"acf":[],"publishpress_future_action":{"enabled":false,"date":"2026-05-24 13:38:12","action":"change-status","newStatus":"draft","terms":[],"taxonomy":"","extraData":[]},"publishpress_future_workflow_manual_trigger":{"enabledWorkflows":[]},"_links":{"self":[{"href":"https:\/\/www.pkm.jaworzno.pl\/www\/wp-json\/wp\/v2\/pages\/246","targetHints":{"allow":["GET"]}}],"collection":[{"href":"https:\/\/www.pkm.jaworzno.pl\/www\/wp-json\/wp\/v2\/pages"}],"about":[{"href":"https:\/\/www.pkm.jaworzno.pl\/www\/wp-json\/wp\/v2\/types\/page"}],"author":[{"embeddable":true,"href":"https:\/\/www.pkm.jaworzno.pl\/www\/wp-json\/wp\/v2\/users\/6"}],"replies":[{"embeddable":true,"href":"https:\/\/www.pkm.jaworzno.pl\/www\/wp-json\/wp\/v2\/comments?post=246"}],"version-history":[{"count":0,"href":"https:\/\/www.pkm.jaworzno.pl\/www\/wp-json\/wp\/v2\/pages\/246\/revisions"}],"wp:attachment":[{"href":"https:\/\/www.pkm.jaworzno.pl\/www\/wp-json\/wp\/v2\/media?parent=246"}],"curies":[{"name":"wp","href":"https:\/\/api.w.org\/{rel}","templated":true}]}}