{"id":319,"date":"2011-01-10T12:47:39","date_gmt":"2011-01-10T12:47:39","guid":{"rendered":"http:\/\/test.pkm.jaworzno.pl\/www\/"},"modified":"2026-01-19T13:12:51","modified_gmt":"2026-01-19T12:12:51","slug":"kontrola-biletow","status":"publish","type":"page","link":"https:\/\/www.pkm.jaworzno.pl\/www\/bilety\/kontrola-biletow\/","title":{"rendered":"Kontrola bilet\u00f3w"},"content":{"rendered":"<p style=\"text-align: justify;\">Zgodnie z zapisami prawa przewozowego przewo\u017anik lub osoba przez niego upowa\u017cniona, legitymuj\u0105ca si\u0119 identyfikatorem umieszczonym w widocznym miejscu, mo\u017ce dokonywa\u0107 kontroli biletowej w \u015brodkach komunikacji miejskiej.<\/p>\n<div class=\"wp-block-image\"><img loading=\"lazy\" decoding=\"async\" class=\"wpa-warning wpa-image-missing-alt aligncenter wp-image-16888 \" src=\"http:\/\/www.pkm.jaworzno.pl\/www\/wp-content\/uploads\/2026\/01\/wzor-legitymacji-2026-1.png\" alt=\"\" width=\"438\" height=\"549\" data-warning=\"Missing alt text\" srcset=\"https:\/\/www.pkm.jaworzno.pl\/www\/wp-content\/uploads\/2026\/01\/wzor-legitymacji-2026-1.png 700w, https:\/\/www.pkm.jaworzno.pl\/www\/wp-content\/uploads\/2026\/01\/wzor-legitymacji-2026-1-239x300.png 239w, https:\/\/www.pkm.jaworzno.pl\/www\/wp-content\/uploads\/2026\/01\/wzor-legitymacji-2026-1-600x752.png 600w\" sizes=\"auto, (max-width: 438px) 100vw, 438px\" \/><\/div>\n<div class=\"wp-block-image\"><\/div>\n<p style=\"text-align: justify;\">Od na\u0142o\u017conej op\u0142aty dodatkowej pasa\u017cerowi przys\u0142uguje <strong>pisemne<\/strong> odwo\u0142anie do PKM Sp. z o.o. w Jaworznie. Odwo\u0142anie powinno by\u0107 wniesione <strong>w terminie 14 dni od jej wystawienia<\/strong>. Odwo\u0142ania z\u0142o\u017cone po tym terminie nie s\u0105 rozpatrywane. PKM Sp. z o.o. w Jaworznie upowa\u017cniony jest do przekazywania z\u0142o\u017conych odwo\u0142a\u0144 celem ich rozpatrzenia firmie kontroluj\u0105cej bilety, kt\u00f3ra na\u0142o\u017cy\u0142a dan\u0105 op\u0142at\u0119 dodatkow\u0105.<\/p>\n<p><a href=\"http:\/\/www.pkm.jaworzno.pl\/www\/wp-content\/uploads\/2025\/12\/Wniosek-o-anulowanie-nalozonej-oplaty-dodatkowej-XII-2025.pdf\">Wz\u00f3r odwo\u0142ania od na\u0142o\u017conej op\u0142aty dodatkowej (*.pdf)<\/a><\/p>\n<p><a href=\"http:\/\/www.pkm.jaworzno.pl\/www\/wp-content\/uploads\/2025\/12\/Wniosek-o-anulowanie-nalozonej-oplaty-dodatkowej-form-1.pdf\">Wz\u00f3r odwo\u0142ania od na\u0142o\u017conej op\u0142aty dodatkowej [edytowalny formularz] (*.pdf)<\/a><\/p>\n<p style=\"text-align: justify;\">Wp\u0142aty kwoty wymienionej w wezwaniu do uiszczenia op\u0142aty dodatkowej mo\u017cna dokona\u0107 w <strong><a href=\"https:\/\/www.pkm.jaworzno.pl\/www\/inne\/centrum-obslugi-klienta\/\">[Centrum Obs\u0142ugi Klienta PKM]<\/a><\/strong><\/p>\n<p style=\"text-align: justify;\"><!--StartFragment --><\/p>\n<p class=\"pf0\"><span style=\"color: #0000ff;\"><strong><span class=\"cf0\">Nale\u017cno\u015b\u0107 mo\u017cna te\u017c ui\u015bci\u0107 w ka\u017cdej plac\u00f3wce pocztowej lub przekaza\u0107 przelewem bankowym:<\/span><\/strong><\/span><\/p>\n<p class=\"pf0\"><span style=\"color: #0000ff;\"><strong>CPW Sp. z o.o.<\/strong><\/span><br \/>\n<span style=\"color: #0000ff;\"><strong>ul. abpa Baraniaka 88B<\/strong><\/span><br \/>\n<span style=\"color: #0000ff;\"><strong>61-131 Pozna\u0144<\/strong><\/span><\/p>\n<p class=\"pf0\"><span style=\"color: #0000ff;\"><strong>Numer rachunku bankowego do wp\u0142at: <\/strong><\/span><span style=\"color: #0000ff;\"><strong>50 1140 1124 0000 7196 6700 1010<\/strong><\/span><\/p>\n<p style=\"text-align: justify;\"><span style=\"color: #0000ff;\"><strong>Tytu\u0142em: <\/strong><\/span><br \/>\n<span style=\"color: #0000ff;\"><strong>Imi\u0119 i nazwisko osoby, na kt\u00f3r\u0105 zosta\u0142a op\u0142ata na\u0142o\u017cona oraz numer wezwania widoczny u g\u00f3ry druku.<\/strong><\/span><\/p>\n<hr \/>\n<p style=\"color: #000000;\" align=\"center\">WYCI\u0104G Z REGULAMINU PRZEWOZ\u00d3W<\/p>\n<p style=\"color: #000000;\" align=\"center\"><strong>WYSOKO\u015a\u0106 OP\u0141AT DODATKOWYCH I MANIPULACYJNYCH<\/strong><\/p>\n<ol style=\"color: #000000;\" start=\"1\">\n<li><strong>\u00a0<\/strong>Wysoko\u015b\u0107 op\u0142at dodatkowych regulowana jest uchwa\u0142\u0105 nr XI\/127\/2011 Rady Miejskiej w Jaworznie z dnia 23 sierpnia 2011 r. w sprawie ustalania wysoko\u015bci op\u0142at dodatkowych oraz op\u0142aty manipulacyjnej w odniesieniu do gminnego transportu zbiorowego w Jaworznie.<\/li>\n<li>Op\u0142ata dodatkowa za przejazd bez odpowiedniego dokumentu przewozu lub za przejazd bez wa\u017cnego dokumentu po\u015bwiadczaj\u0105cego uprawnienie do bezp\u0142atnego albo ulgowego przejazdu wynosi 240,00 z\u0142 (plus przewo\u017ane), p\u0142atna do 7 dni \u2013 150,00 z\u0142 (plus przewo\u017ane).<\/li>\n<li>Op\u0142ata dodatkowa za przejazd bez odpowiedniego dokumentu przewozu lub za przejazd bez wa\u017cnego dokumentu po\u015bwiadczaj\u0105cego uprawnienie do bezp\u0142atnego albo ulgowego przejazdu p\u0142atna w miejscu kontroli wynosi 100,00 z\u0142 (w tym przewo\u017ane).<\/li>\n<li>Op\u0142ata manipulacyjna za anulowanie op\u0142aty dodatkowej wynosi 10,00 z\u0142.<\/li>\n<li>Op\u0142ata manipulacyjna za anulowanie op\u0142aty dodatkowej, wystawionej z powodu nieokazania podczas kontroli aktywnej Jaworznickiej Karty Mieszka\u0144ca J-ka przez osob\u0119 korzystaj\u0105c\u0105 z biletu rocznego zakupionego po 1 grudnia 2025 r., nie b\u0119dzie pobierana od os\u00f3b, kt\u00f3re w terminie 7 dni od daty wystawienia tej op\u0142aty dodatkowej udokumentuj\u0105 w spos\u00f3b niebudz\u0105cy w\u0105tpliwo\u015bci posiadanie Jaworznickiej Karty Mieszka\u0144ca J-ka wydanej i aktywowanej przed zakupem biletu rocznego, na podstawie kt\u00f3rego odbywano przejazd.<\/li>\n<li>Op\u0142ata dodatkowa za spowodowanie przez podr\u00f3\u017cnego zatrzymania lub zmiany trasy \u015brodka transportu bez uzasadnionej przyczyny wynosi 450,00 z\u0142.<\/li>\n<\/ol>\n<p>W celu uzyskania dodatkowych\u00a0informacji dotycz\u0105cych kontroli biletowej prosimy o zapoznanie si\u0119 z pe\u0142n\u0105 tre\u015bci\u0105 <a title=\"Regulamin Przewoz\u00f3w\" href=\"http:\/\/www.pkm.jaworzno.pl\/www\/cennik-biletow\/regulamin-przewozow\/\" target=\"_self\" rel=\"noopener noreferrer\">Regulaminu Przewoz\u00f3w \u015brodkami komunikacji miejskiej PKM Sp z o. o.<\/a><\/p>\n<hr \/>\n<p><a href=\"https:\/\/www.pkm.jaworzno.pl\/www\/inne\/ochrona-danych-osobowych\/\">Klauzula informacyjna zgodna z Rozporz\u0105dzeniem Og\u00f3lnym o Ochronie Danych Osobowych<\/a><\/p>\n<p>&nbsp;<\/p>\n","protected":false},"excerpt":{"rendered":"<p>Zgodnie z zapisami prawa przewozowego przewo\u017anik lub osoba przez niego upowa\u017cniona, legitymuj\u0105ca si\u0119 identyfikatorem umieszczonym w widocznym miejscu, mo\u017ce dokonywa\u0107 kontroli biletowej w \u015brodkach komunikacji miejskiej. Od na\u0142o\u017conej op\u0142aty dodatkowej pasa\u017cerowi przys\u0142uguje pisemne odwo\u0142anie do PKM Sp. z o.o. w Jaworznie. Odwo\u0142anie powinno by\u0107 wniesione w terminie 14 dni od jej wystawienia. Odwo\u0142ania z\u0142o\u017cone po [&hellip;]<\/p>\n","protected":false},"author":6,"featured_media":0,"parent":6583,"menu_order":2,"comment_status":"open","ping_status":"closed","template":"page_ticket_control.php","meta":{"_acf_changed":false,"footnotes":""},"class_list":["post-319","page","type-page","status-publish","hentry"],"acf":[],"publishpress_future_action":{"enabled":false,"date":"2026-04-25 19:33:41","action":"change-status","newStatus":"draft","terms":[],"taxonomy":"","extraData":[]},"publishpress_future_workflow_manual_trigger":{"enabledWorkflows":[]},"_links":{"self":[{"href":"https:\/\/www.pkm.jaworzno.pl\/www\/wp-json\/wp\/v2\/pages\/319","targetHints":{"allow":["GET"]}}],"collection":[{"href":"https:\/\/www.pkm.jaworzno.pl\/www\/wp-json\/wp\/v2\/pages"}],"about":[{"href":"https:\/\/www.pkm.jaworzno.pl\/www\/wp-json\/wp\/v2\/types\/page"}],"author":[{"embeddable":true,"href":"https:\/\/www.pkm.jaworzno.pl\/www\/wp-json\/wp\/v2\/users\/6"}],"replies":[{"embeddable":true,"href":"https:\/\/www.pkm.jaworzno.pl\/www\/wp-json\/wp\/v2\/comments?post=319"}],"version-history":[{"count":41,"href":"https:\/\/www.pkm.jaworzno.pl\/www\/wp-json\/wp\/v2\/pages\/319\/revisions"}],"predecessor-version":[{"id":16889,"href":"https:\/\/www.pkm.jaworzno.pl\/www\/wp-json\/wp\/v2\/pages\/319\/revisions\/16889"}],"up":[{"embeddable":true,"href":"https:\/\/www.pkm.jaworzno.pl\/www\/wp-json\/wp\/v2\/pages\/6583"}],"wp:attachment":[{"href":"https:\/\/www.pkm.jaworzno.pl\/www\/wp-json\/wp\/v2\/media?parent=319"}],"curies":[{"name":"wp","href":"https:\/\/api.w.org\/{rel}","templated":true}]}}