{"id":3536,"date":"2014-04-17T13:41:05","date_gmt":"2014-04-17T11:41:05","guid":{"rendered":"http:\/\/www.nowastrona.pkm.jaworzno.pl\/www\/?page_id=3536"},"modified":"2025-06-10T11:15:42","modified_gmt":"2025-06-10T09:15:42","slug":"sklep-internetowy","status":"publish","type":"page","link":"https:\/\/www.pkm.jaworzno.pl\/www\/sklep-internetowy\/","title":{"rendered":"Sklep internetowy"},"content":{"rendered":"<div class=\"wp-block-image\"><img loading=\"lazy\" decoding=\"async\" class=\"wpa-warning wpa-image-missing-alt aligncenter wp-image-15255 size-large\" src=\"http:\/\/www.pkm.jaworzno.pl\/www\/wp-content\/uploads\/2025\/06\/mennica-polska-819x1024.png\" alt=\"\" width=\"819\" height=\"1024\" data-warning=\"Missing alt text\" srcset=\"https:\/\/www.pkm.jaworzno.pl\/www\/wp-content\/uploads\/2025\/06\/mennica-polska-819x1024.png 819w, https:\/\/www.pkm.jaworzno.pl\/www\/wp-content\/uploads\/2025\/06\/mennica-polska-240x300.png 240w, https:\/\/www.pkm.jaworzno.pl\/www\/wp-content\/uploads\/2025\/06\/mennica-polska-768x960.png 768w, https:\/\/www.pkm.jaworzno.pl\/www\/wp-content\/uploads\/2025\/06\/mennica-polska-600x750.png 600w, https:\/\/www.pkm.jaworzno.pl\/www\/wp-content\/uploads\/2025\/06\/mennica-polska.png 1080w\" sizes=\"auto, (max-width: 819px) 100vw, 819px\" \/><\/div>\n<h4 data-start=\"232\" data-end=\"288\"><strong data-start=\"232\" data-end=\"288\">Zakup bilet\u00f3w przez Internet<\/strong><\/h4>\n<p data-start=\"290\" data-end=\"437\">Zakupu bilet\u00f3w elektronicznych mo\u017cna dokona\u0107 bez wychodzenia z domu \u2013 za po\u015brednictwem aplikacji <a href=\"https:\/\/www.pkm.jaworzno.pl\/www\/bilety\/aplikacja-mobilna-pkm\/\"><strong data-start=\"387\" data-end=\"404\">mPKM Jaworzno<\/strong><\/a> dost\u0119pnej na urz\u0105dzenia mobilne.<\/p>\n<p data-start=\"439\" data-end=\"677\"><span style=\"color: #000000;\">Dla os\u00f3b, kt\u00f3re preferuj\u0105 korzystanie z plastikowej <strong data-start=\"491\" data-end=\"524\">Jaworznickiej Karty Miejskiej<\/strong>, dost\u0119pny jest <strong data-start=\"540\" data-end=\"561\">Sklep Internetowy<\/strong> pod adresem: <strong><span style=\"color: #0000ff;\"><a class=\"\" style=\"color: #0000ff;\" href=\"https:\/\/bilety.pkmjaworzno.pl\" target=\"_new\" rel=\"noopener\" data-start=\"575\" data-end=\"629\">bilety.pkmjaworzno.pl<\/a><\/span>,<\/strong> umo\u017cliwiaj\u0105cy zdalny zakup imiennych bilet\u00f3w okresowych.<\/span><\/p>\n<p data-start=\"679\" data-end=\"1094\">Od\u015bwie\u017cony portal jest nast\u0119pc\u0105 funkcjonuj\u0105cego od 2014 roku serwisu <strong><s>kartamiejska.pl\/jaworzno<\/s><\/strong>. Opr\u00f3cz nowej szaty graficznej, zaprojektowana zosta\u0142a mo\u017cliwo\u015b\u0107 wy\u015bwietlania w przysz\u0142o\u015bci historii transakcji wykonywanych kartami p\u0142atniczymi w terminalach Open Payment System (\u017c\u00f3\u0142te tablety w autobusach) oraz zakup bilet\u00f3w na inne no\u015bniki bilet\u00f3w ni\u017c Jaworznicka Karta Miejska.<\/p>\n<hr \/>\n<h4 data-start=\"1096\" data-end=\"1111\">Jak zacz\u0105\u0107?<\/h4>\n<p data-start=\"1113\" data-end=\"1225\">Przed dokonaniem zakupu konieczne jest za\u0142o\u017cenie osobistego konta u\u017cytkownika. Podczas rejestracji nale\u017cy poda\u0107:<\/p>\n<ul data-start=\"1226\" data-end=\"1341\">\n<li data-start=\"1226\" data-end=\"1241\">\n<p data-start=\"1228\" data-end=\"1241\">adres e-mail,<\/p>\n<\/li>\n<li data-start=\"1242\" data-end=\"1258\">\n<p data-start=\"1244\" data-end=\"1258\">login i has\u0142o,<\/p>\n<\/li>\n<li data-start=\"1259\" data-end=\"1341\">\n<p data-start=\"1261\" data-end=\"1341\">numer Jaworznickiej Karty Miejskiej (znajduj\u0105cy si\u0119 w prawym g\u00f3rnym rogu karty).<\/p>\n<\/li>\n<\/ul>\n<div class=\"wp-block-image\"><img loading=\"lazy\" decoding=\"async\" class=\"wpa-warning wpa-image-missing-alt aligncenter wp-image-15254\" src=\"http:\/\/www.pkm.jaworzno.pl\/www\/wp-content\/uploads\/2025\/06\/numer-karty.png\" alt=\"\" width=\"417\" height=\"316\" data-warning=\"Missing alt text\" srcset=\"https:\/\/www.pkm.jaworzno.pl\/www\/wp-content\/uploads\/2025\/06\/numer-karty.png 899w, https:\/\/www.pkm.jaworzno.pl\/www\/wp-content\/uploads\/2025\/06\/numer-karty-300x228.png 300w, https:\/\/www.pkm.jaworzno.pl\/www\/wp-content\/uploads\/2025\/06\/numer-karty-768x583.png 768w, https:\/\/www.pkm.jaworzno.pl\/www\/wp-content\/uploads\/2025\/06\/numer-karty-600x455.png 600w\" sizes=\"auto, (max-width: 417px) 100vw, 417px\" \/><\/div>\n<p data-start=\"1343\" data-end=\"1400\"><span style=\"color: #ff0000;\">Je\u015bli numer na karcie jest nieczytelny, mo\u017cna go uzyska\u0107:<\/span><\/p>\n<ul data-start=\"1401\" data-end=\"1593\">\n<li data-start=\"1401\" data-end=\"1433\">\n<p data-start=\"1403\" data-end=\"1433\">w <a href=\"https:\/\/www.pkm.jaworzno.pl\/www\/inne\/centrum-obslugi-klienta\/\"><strong data-start=\"1405\" data-end=\"1432\">Centrum Obs\u0142ugi Klienta<\/strong><\/a>,<\/p>\n<\/li>\n<li data-start=\"1434\" data-end=\"1496\">\n<p data-start=\"1436\" data-end=\"1496\">na paragonach z wcze\u015bniejszych zakup\u00f3w w stacjonarnych punktach sprzeda\u017cy,<\/p>\n<\/li>\n<li data-start=\"1497\" data-end=\"1593\">\n<p data-start=\"1499\" data-end=\"1593\">po w\u0142o\u017ceniu karty do kieszeni czytnika w automacie biletowym (dost\u0119pne w wybranych pojazdach).<\/p>\n<\/li>\n<\/ul>\n<hr \/>\n<h4 data-start=\"1595\" data-end=\"1615\">Mo\u017cliwo\u015bci konta<\/h4>\n<p data-start=\"1617\" data-end=\"1801\">Zarejestrowany u\u017cytkownik mo\u017ce kupowa\u0107 bilety r\u00f3wnie\u017c na inne karty (np. cz\u0142onk\u00f3w rodziny). W ofercie sklepu dost\u0119pne s\u0105 wszystkie <strong data-start=\"1748\" data-end=\"1775\">imienne bilety okresowe<\/strong> zgodne z aktualn\u0105 taryf\u0105.<\/p>\n<p data-start=\"1803\" data-end=\"1906\">Z powod\u00f3w technicznych bilety mo\u017cna kupowa\u0107 <strong data-start=\"1847\" data-end=\"1885\">z dat\u0105 wa\u017cno\u015bci od nast\u0119pnego dnia<\/strong> po dokonaniu zakupu.<\/p>\n<hr \/>\n<h4 data-start=\"1908\" data-end=\"1936\">P\u0142atno\u015b\u0107 i potwierdzenie<\/h4>\n<p data-start=\"1938\" data-end=\"2050\">Po wyborze biletu system przekieruje u\u017cytkownika do panelu p\u0142atno\u015bci, w kt\u00f3rym mo\u017cna wybra\u0107 jedn\u0105 z dw\u00f3ch metod:<\/p>\n<ul data-start=\"2051\" data-end=\"2111\">\n<li data-start=\"2051\" data-end=\"2068\">\n<p data-start=\"2053\" data-end=\"2068\">p\u0142atno\u015b\u0107 kart\u0105,<\/p>\n<\/li>\n<li data-start=\"2069\" data-end=\"2111\">\n<p data-start=\"2071\" data-end=\"2111\">szybki przelew internetowy (Przelewy24).<\/p>\n<\/li>\n<\/ul>\n<p data-start=\"2113\" data-end=\"2321\">Transakcje odbywaj\u0105 si\u0119 na bezpiecznych stronach serwisu Przelewy24, kt\u00f3ry automatycznie przesy\u0142a potwierdzenie p\u0142atno\u015bci. Po zako\u0144czeniu operacji u\u017cytkownik otrzymuje wiadomo\u015b\u0107 e-mail z podsumowaniem zakupu.<\/p>\n<p data-start=\"2323\" data-end=\"2424\">Prosimy o uwa\u017cne czytanie komunikat\u00f3w i stosowanie si\u0119 do wy\u015bwietlanych instrukcji.<\/p>\n<hr \/>\n<h4 data-start=\"2426\" data-end=\"2447\">Jak dzia\u0142a bilet?<\/h4>\n<p data-start=\"2449\" data-end=\"2676\">Bilet zostaje zapisany w systemie jako zapis wirtualny \u2013 <strong data-start=\"2506\" data-end=\"2560\">jego wa\u017cno\u015b\u0107 rozpoczyna si\u0119 zgodnie z wybran\u0105 dat\u0105<\/strong>, niezale\u017cnie od fizycznego zakodowania. Pierwsze zakodowanie nast\u0119puje podczas kontroli biletowej przez kontrolera.<\/p>\n<p data-start=\"2678\" data-end=\"2993\">Alternatywnie, bilet mo\u017cna zakodowa\u0107 <strong data-start=\"2715\" data-end=\"2731\">samodzielnie<\/strong> w automatach biletowych znajduj\u0105cych si\u0119 w wybranych autobusach. Wystarczy wsun\u0105\u0107 kart\u0119 do kieszeni czytnika i post\u0119powa\u0107 zgodnie z instrukcjami na ekranie. Ze wzgl\u0119d\u00f3w technicznych mo\u017cliwe jest to <strong data-start=\"2929\" data-end=\"2992\">najwcze\u015bniej po godzinie od otrzymania potwierdzenia wp\u0142aty<\/strong>.<\/p>\n<p data-start=\"2678\" data-end=\"2993\"><strong><span style=\"color: #008000;\">Kodowanie biletu na kartach nie ma znaczenia dla ich wa\u017cno\u015bci. Jest to opcja dobrowolna.<\/span><\/strong><\/p>\n<hr \/>\n<p data-start=\"2678\" data-end=\"2993\"><span style=\"color: #ff0000;\">Z powodu ogranicze\u0144 technicznych, bilety zakupione w aplikacji <strong>mPKM Jaworzno <\/strong>nie s\u0105 widoczne w <strong>Sklepie Internetowym<\/strong> \u2013 i odwrotnie.<\/span><\/p>\n","protected":false},"excerpt":{"rendered":"<p>Zakup bilet\u00f3w przez Internet Zakupu bilet\u00f3w elektronicznych mo\u017cna dokona\u0107 bez wychodzenia z domu \u2013 za po\u015brednictwem aplikacji mPKM Jaworzno dost\u0119pnej na urz\u0105dzenia mobilne. Dla os\u00f3b, kt\u00f3re preferuj\u0105 korzystanie z plastikowej Jaworznickiej Karty Miejskiej, dost\u0119pny jest Sklep Internetowy pod adresem: bilety.pkmjaworzno.pl, umo\u017cliwiaj\u0105cy zdalny zakup imiennych bilet\u00f3w okresowych. Od\u015bwie\u017cony portal jest nast\u0119pc\u0105 funkcjonuj\u0105cego od 2014 roku serwisu [&hellip;]<\/p>\n","protected":false},"author":6,"featured_media":0,"parent":0,"menu_order":0,"comment_status":"open","ping_status":"open","template":"","meta":{"_acf_changed":false,"footnotes":""},"class_list":["post-3536","page","type-page","status-publish","hentry"],"acf":[],"publishpress_future_action":{"enabled":false,"date":"2026-05-24 00:44:23","action":"change-status","newStatus":"draft","terms":[],"taxonomy":"","extraData":[]},"publishpress_future_workflow_manual_trigger":{"enabledWorkflows":[]},"_links":{"self":[{"href":"https:\/\/www.pkm.jaworzno.pl\/www\/wp-json\/wp\/v2\/pages\/3536","targetHints":{"allow":["GET"]}}],"collection":[{"href":"https:\/\/www.pkm.jaworzno.pl\/www\/wp-json\/wp\/v2\/pages"}],"about":[{"href":"https:\/\/www.pkm.jaworzno.pl\/www\/wp-json\/wp\/v2\/types\/page"}],"author":[{"embeddable":true,"href":"https:\/\/www.pkm.jaworzno.pl\/www\/wp-json\/wp\/v2\/users\/6"}],"replies":[{"embeddable":true,"href":"https:\/\/www.pkm.jaworzno.pl\/www\/wp-json\/wp\/v2\/comments?post=3536"}],"version-history":[{"count":13,"href":"https:\/\/www.pkm.jaworzno.pl\/www\/wp-json\/wp\/v2\/pages\/3536\/revisions"}],"predecessor-version":[{"id":15264,"href":"https:\/\/www.pkm.jaworzno.pl\/www\/wp-json\/wp\/v2\/pages\/3536\/revisions\/15264"}],"wp:attachment":[{"href":"https:\/\/www.pkm.jaworzno.pl\/www\/wp-json\/wp\/v2\/media?parent=3536"}],"curies":[{"name":"wp","href":"https:\/\/api.w.org\/{rel}","templated":true}]}}