{"id":36,"date":"2010-07-29T20:33:10","date_gmt":"2010-07-29T20:33:10","guid":{"rendered":"http:\/\/test.pkm.jaworzno.pl\/www\/"},"modified":"2026-04-20T08:10:49","modified_gmt":"2026-04-20T06:10:49","slug":"gdzie-doladowac-karte","status":"publish","type":"page","link":"https:\/\/www.pkm.jaworzno.pl\/www\/inne\/jaworznicka-karta-miejska\/gdzie-doladowac-karte\/","title":{"rendered":"Stacjonarne punkty sprzeda\u017cy"},"content":{"rendered":"<p><span style=\"font-family: 'kelson_sansbold', sans-serif; display: none;\"><a href=\"http:\/\/www.pkm.jaworzno.pl\/rozklady\/mapa.html\">Interaktywna mapa sieci komunikacyjnej z zaznaczonymi punktami sprzeda\u017cy.<\/a><\/span><\/p>\n<h3>Jaworzno:<\/h3>\n<table class=\"table\">\n<tbody>\n<tr class=\"text\">\n<th>Lokalizacja punktu sprzeda\u017cy<\/th>\n<\/tr>\n<tr>\n<td>Bory, ul. Tetmajera 28A, sklep &#8222;Art. spo\u017cywczo-przemys\u0142owe Kami\u0144ski Mariusz&#8221;<\/td>\n<\/tr>\n<tr>\n<td>Byczyna, kiosk ko\u0142o przedszkola, przy przystanku BYCZYNA DOM KULTURY<\/td>\n<\/tr>\n<tr>\n<td><strong>Centrum, Centrum Handlowe Galena, salonik prasowy Kolporter<\/strong><\/td>\n<\/tr>\n<tr>\n<td>Centrum, jaworznicki rynek, sklep &#8222;Mobilkom&#8221; (w Delikatesy Centrum &#8222;DH G\u00f3rnik&#8221;)<\/td>\n<\/tr>\n<tr>\n<td><strong>Centrum, ul. Krakowska 9 <a href=\"https:\/\/www.pkm.jaworzno.pl\/www\/inne\/centrum-obslugi-klienta\/\">[Centrum Obs\u0142ugi Klienta PKM]<\/a><\/strong><\/td>\n<\/tr>\n<tr>\n<td>Centrum, ul. Matejki, Sklep &#8222;Tadeusz&#8221;<\/td>\n<\/tr>\n<tr>\n<td>Centrum, ul. Pocztowa, kiosk (obok poczty)<\/td>\n<\/tr>\n<tr>\n<td>Ci\u0119\u017ckowice, ul. Graba\u0144ka 32, Sklep spo\u017cywczo-przemys\u0142owy Wo\u015b Teresa<\/td>\n<\/tr>\n<tr>\n<td><span style=\"color: #000000;\"><del>D\u0142ugoszyn, ul. D\u0142ugosza 4B, sklep spo\u017cywczy &#8222;Mini Market Robert Boba&#8221;<\/del> <span style=\"color: #ff0000;\">LIKWIDACJA<\/span><br \/>\n<\/span><\/td>\n<\/tr>\n<tr>\n<td>Gigant, ul. Granitowa 6, Poczta Polska AP Jaworzno<\/td>\n<\/tr>\n<tr>\n<td>Jele\u0144, ul. Celnik\u00f3w 1, sklep &#8222;Euro&#8221;<\/td>\n<\/tr>\n<tr>\n<td>Leopold, kiosk na przystanku LEOPOLD w kierunku Chrzanowa<\/td>\n<\/tr>\n<tr>\n<td>Leopold, kiosk na przystanku LEOPOLD w kierunku Katowic<\/td>\n<\/tr>\n<tr>\n<td>Osiedle Pod\u0142\u0119\u017ce, al. Pi\u0142sudskiego 39, sklep &#8222;Tabak &#8211; Biernacka M&#8221;<\/td>\n<\/tr>\n<tr>\n<td>Osiedle Pod\u0142\u0119\u017ce, al. Pi\u0142sudskiego 27, sklep papierniczo-chemiczny &#8222;Kleks&#8221;<\/td>\n<\/tr>\n<tr>\n<td>Pechnik, Centrum Handlowe Manhattan, sklep papierniczy &#8222;\u017baczek&#8221; (box 56)<\/td>\n<\/tr>\n<tr>\n<td>Pieczyska, ul. Poniatowskiego 18, sklep spo\u017cywczy przy przystanku PIECZYSKA SZKO\u0141A<\/td>\n<\/tr>\n<\/tbody>\n<\/table>\n<h3>Katowice:<\/h3>\n<table class=\"table\">\n<tbody>\n<tr>\n<th>Lokalizacja punktu sprzeda\u017cy<\/th>\n<\/tr>\n<tr>\n<td>Katowice, Galeria Katowicka, Kolporter (Pi\u0119tro 0 &#8211; przy wej\u015bciu obok kas PKP)<\/td>\n<\/tr>\n<\/tbody>\n<\/table>\n<h3>Chrzan\u00f3w:<\/h3>\n<table class=\"table\">\n<tbody>\n<tr>\n<th>Lokalizacja punktu sprzeda\u017cy<\/th>\n<\/tr>\n<tr>\n<td>Chrzan\u00f3w, ul. Kusoci\u0144skiego, kiosk na dworcu ZKKM<\/td>\n<\/tr>\n<\/tbody>\n<\/table>\n","protected":false},"excerpt":{"rendered":"<p>Interaktywna mapa sieci komunikacyjnej z zaznaczonymi punktami sprzeda\u017cy. Jaworzno: Lokalizacja punktu sprzeda\u017cy Bory, ul. Tetmajera 28A, sklep &#8222;Art. spo\u017cywczo-przemys\u0142owe Kami\u0144ski Mariusz&#8221; Byczyna, kiosk ko\u0142o przedszkola, przy przystanku BYCZYNA DOM KULTURY Centrum, Centrum Handlowe Galena, salonik prasowy Kolporter Centrum, jaworznicki rynek, sklep &#8222;Mobilkom&#8221; (w Delikatesy Centrum &#8222;DH G\u00f3rnik&#8221;) Centrum, ul. Krakowska 9 [Centrum Obs\u0142ugi Klienta PKM] [&hellip;]<\/p>\n","protected":false},"author":6,"featured_media":0,"parent":8,"menu_order":4,"comment_status":"open","ping_status":"open","template":"","meta":{"_acf_changed":false,"footnotes":""},"class_list":["post-36","page","type-page","status-publish","hentry"],"acf":[],"publishpress_future_action":{"enabled":false,"date":"2026-05-09 15:27:32","action":"change-status","newStatus":"draft","terms":[],"taxonomy":"","extraData":[]},"publishpress_future_workflow_manual_trigger":{"enabledWorkflows":[]},"_links":{"self":[{"href":"https:\/\/www.pkm.jaworzno.pl\/www\/wp-json\/wp\/v2\/pages\/36","targetHints":{"allow":["GET"]}}],"collection":[{"href":"https:\/\/www.pkm.jaworzno.pl\/www\/wp-json\/wp\/v2\/pages"}],"about":[{"href":"https:\/\/www.pkm.jaworzno.pl\/www\/wp-json\/wp\/v2\/types\/page"}],"author":[{"embeddable":true,"href":"https:\/\/www.pkm.jaworzno.pl\/www\/wp-json\/wp\/v2\/users\/6"}],"replies":[{"embeddable":true,"href":"https:\/\/www.pkm.jaworzno.pl\/www\/wp-json\/wp\/v2\/comments?post=36"}],"version-history":[{"count":66,"href":"https:\/\/www.pkm.jaworzno.pl\/www\/wp-json\/wp\/v2\/pages\/36\/revisions"}],"predecessor-version":[{"id":17414,"href":"https:\/\/www.pkm.jaworzno.pl\/www\/wp-json\/wp\/v2\/pages\/36\/revisions\/17414"}],"up":[{"embeddable":true,"href":"https:\/\/www.pkm.jaworzno.pl\/www\/wp-json\/wp\/v2\/pages\/8"}],"wp:attachment":[{"href":"https:\/\/www.pkm.jaworzno.pl\/www\/wp-json\/wp\/v2\/media?parent=36"}],"curies":[{"name":"wp","href":"https:\/\/api.w.org\/{rel}","templated":true}]}}