{"id":38,"date":"2010-07-29T20:33:40","date_gmt":"2010-07-29T20:33:40","guid":{"rendered":"http:\/\/test.pkm.jaworzno.pl\/www\/"},"modified":"2026-04-20T08:10:01","modified_gmt":"2026-04-20T06:10:01","slug":"wiecej-o-karcie","status":"publish","type":"page","link":"https:\/\/www.pkm.jaworzno.pl\/www\/inne\/jaworznicka-karta-miejska\/wiecej-o-karcie\/","title":{"rendered":"O Karcie"},"content":{"rendered":"<p style=\"text-align: center;\"><img loading=\"lazy\" decoding=\"async\" class=\"size-full wp-image-30 aligncenter\" title=\"Jaworznicka Karta Miejska\" src=\"http:\/\/www.pkm.jaworzno.pl\/www\/wp-content\/uploads\/2010\/03\/karta_350x130.jpg\" alt=\"\" width=\"350\" height=\"130\" srcset=\"https:\/\/www.pkm.jaworzno.pl\/www\/wp-content\/uploads\/2010\/03\/karta_350x130.jpg 350w, https:\/\/www.pkm.jaworzno.pl\/www\/wp-content\/uploads\/2010\/03\/karta_350x130-300x111.jpg 300w\" sizes=\"auto, (max-width: 350px) 100vw, 350px\" \/><\/p>\n<p style=\"text-align: justify;\">Jaworznicka Karta Miejska istnieje od 2005r. Projekt powsta\u0142 dzi\u0119ki wsp\u00f3\u0142pracy Przedsi\u0119biorstwa Komunikacji Miejskiej Sp. z o.o. w Jaworznie oraz Mennicy Polskiej S.A.<\/p>\n<p><strong>Jaworznicka Karta Miejska aktualnie:<\/strong><\/p>\n<ul style=\"text-align: justify;\">\n<li>jest no\u015bnikiem bilet\u00f3w okresowych<\/li>\n<li>umo\u017cliwia dost\u0119p do pomieszcze\u0144 oraz rejestracj\u0119 czasu pracy pracownik\u00f3w Przedsi\u0119biorstwa Komunikacji Miejskiej Sp. z o.o. w Jaworznie<\/li>\n<\/ul>\n<p>Obecnie trwaj\u0105 prace nad wymian\u0105 przestarza\u0142ej technologicznie karty. O szczeg\u00f3\u0142ach b\u0119dziemy informowa\u0107 w osobnych komunikatach.<\/p>\n","protected":false},"excerpt":{"rendered":"<p>Jaworznicka Karta Miejska istnieje od 2005r. Projekt powsta\u0142 dzi\u0119ki wsp\u00f3\u0142pracy Przedsi\u0119biorstwa Komunikacji Miejskiej Sp. z o.o. w Jaworznie oraz Mennicy Polskiej S.A. Jaworznicka Karta Miejska aktualnie: jest no\u015bnikiem bilet\u00f3w okresowych umo\u017cliwia dost\u0119p do pomieszcze\u0144 oraz rejestracj\u0119 czasu pracy pracownik\u00f3w Przedsi\u0119biorstwa Komunikacji Miejskiej Sp. z o.o. w Jaworznie Obecnie trwaj\u0105 prace nad wymian\u0105 przestarza\u0142ej technologicznie karty. [&hellip;]<\/p>\n","protected":false},"author":6,"featured_media":0,"parent":8,"menu_order":1,"comment_status":"open","ping_status":"open","template":"","meta":{"_acf_changed":false,"footnotes":""},"class_list":["post-38","page","type-page","status-publish","hentry"],"acf":[],"publishpress_future_action":{"enabled":false,"date":"2026-05-07 14:36:16","action":"change-status","newStatus":"draft","terms":[],"taxonomy":"","extraData":[]},"publishpress_future_workflow_manual_trigger":{"enabledWorkflows":[]},"_links":{"self":[{"href":"https:\/\/www.pkm.jaworzno.pl\/www\/wp-json\/wp\/v2\/pages\/38","targetHints":{"allow":["GET"]}}],"collection":[{"href":"https:\/\/www.pkm.jaworzno.pl\/www\/wp-json\/wp\/v2\/pages"}],"about":[{"href":"https:\/\/www.pkm.jaworzno.pl\/www\/wp-json\/wp\/v2\/types\/page"}],"author":[{"embeddable":true,"href":"https:\/\/www.pkm.jaworzno.pl\/www\/wp-json\/wp\/v2\/users\/6"}],"replies":[{"embeddable":true,"href":"https:\/\/www.pkm.jaworzno.pl\/www\/wp-json\/wp\/v2\/comments?post=38"}],"version-history":[{"count":7,"href":"https:\/\/www.pkm.jaworzno.pl\/www\/wp-json\/wp\/v2\/pages\/38\/revisions"}],"predecessor-version":[{"id":17413,"href":"https:\/\/www.pkm.jaworzno.pl\/www\/wp-json\/wp\/v2\/pages\/38\/revisions\/17413"}],"up":[{"embeddable":true,"href":"https:\/\/www.pkm.jaworzno.pl\/www\/wp-json\/wp\/v2\/pages\/8"}],"wp:attachment":[{"href":"https:\/\/www.pkm.jaworzno.pl\/www\/wp-json\/wp\/v2\/media?parent=38"}],"curies":[{"name":"wp","href":"https:\/\/api.w.org\/{rel}","templated":true}]}}