{"id":40,"date":"2010-07-29T20:33:59","date_gmt":"2010-07-29T20:33:59","guid":{"rendered":"http:\/\/test.pkm.jaworzno.pl\/www\/"},"modified":"2025-03-14T11:51:52","modified_gmt":"2025-03-14T10:51:52","slug":"elektroniczna-portmonetka","status":"publish","type":"page","link":"https:\/\/www.pkm.jaworzno.pl\/www\/inne\/jaworznicka-karta-miejska\/elektroniczna-portmonetka\/","title":{"rendered":"Elektroniczna Portmonetka"},"content":{"rendered":"<div class=\"xdj266r x11i5rnm xat24cr x1mh8g0r x1vvkbs x126k92a\">\n<div dir=\"auto\">Elektroniczna Portmonetka na Jaworznickiej Karcie Miejskiej funkcjonuje od 2008 roku. System jest ju\u017c przestarza\u0142y i co raz wi\u0119cej kosztuje jego utrzymanie. Jednocze\u015bnie, na przestrzeni lat bardzo spad\u0142o zainteresowanie podr\u00f3\u017cnych t\u0105 form\u0105 wnoszenia op\u0142at za przejazdy.<\/div>\n<div dir=\"auto\"><\/div>\n<\/div>\n<div class=\"x11i5rnm xat24cr x1mh8g0r x1vvkbs xtlvy1s x126k92a\">\n<div dir=\"auto\">Zdecydowanie bardziej popularne s\u0105 obecnie zbli\u017ceniowe karty p\u0142atnicze. Dlatego te\u017c, podj\u0119li\u015bmy decyzj\u0119 o stopniowym wy\u0142\u0105czaniu us\u0142ugi Elektronicznej Portmonetki.<\/div>\n<div dir=\"auto\"><\/div>\n<\/div>\n<div class=\"x11i5rnm xat24cr x1mh8g0r x1vvkbs xtlvy1s x126k92a\">\n<ul>\n<li dir=\"auto\"><strong>Do 13 kwietnia 2025 r.<\/strong> b\u0119dzie mo\u017cna uzupe\u0142nia\u0107 na kartach miejskich nowe \u015brodki na zakup bilet\u00f3w jednorazowych.<\/li>\n<li dir=\"auto\"><strong>Od 14 kwietnia 2025 r. do 19 kwietnia 2026 r.<\/strong> przez ponad rok mo\u017cliwe b\u0119dzie tylko wykorzystanie wcze\u015bniej zgromadzonych \u015brodk\u00f3w. Korzystanie z promocyjnych przejazd\u00f3w dla os\u00f3b, kt\u00f3re zarejestrowa\u0142y zar\u00f3wno wej\u015bcie jak i wyj\u015bcie z autobusu odbywa\u0107 b\u0119dzie si\u0119 bez zmian na dotychczasowych zasadach.<\/li>\n<li dir=\"auto\"><strong>Od 20 kwietnia 2026 r.<\/strong> wy\u0142\u0105czone zostan\u0105 kasowniki (pomara\u0144czowe z przyciskami |N|U|S|). Jaworznicka Karta Miejska s\u0142u\u017cy\u0107 b\u0119dzie tylko jako no\u015bnik imiennych bilet\u00f3w okresowych.<\/li>\n<\/ul>\n<\/div>\n<div class=\"x11i5rnm xat24cr x1mh8g0r x1vvkbs xtlvy1s x126k92a\">\n<div dir=\"auto\"><\/div>\n<\/div>\n<div dir=\"auto\">\n<div class=\"wp-block-image\"><img loading=\"lazy\" decoding=\"async\" class=\"wpa-warning wpa-image-missing-alt aligncenter wp-image-14731\" src=\"http:\/\/www.pkm.jaworzno.pl\/www\/wp-content\/uploads\/2025\/03\/2025.03.31_koniec-EP-740x1024.png\" alt=\"\" width=\"575\" height=\"796\" data-warning=\"Missing alt text\" srcset=\"https:\/\/www.pkm.jaworzno.pl\/www\/wp-content\/uploads\/2025\/03\/2025.03.31_koniec-EP-740x1024.png 740w, https:\/\/www.pkm.jaworzno.pl\/www\/wp-content\/uploads\/2025\/03\/2025.03.31_koniec-EP-217x300.png 217w, https:\/\/www.pkm.jaworzno.pl\/www\/wp-content\/uploads\/2025\/03\/2025.03.31_koniec-EP-768x1063.png 768w, https:\/\/www.pkm.jaworzno.pl\/www\/wp-content\/uploads\/2025\/03\/2025.03.31_koniec-EP-600x830.png 600w, https:\/\/www.pkm.jaworzno.pl\/www\/wp-content\/uploads\/2025\/03\/2025.03.31_koniec-EP-1110x1536.png 1110w, https:\/\/www.pkm.jaworzno.pl\/www\/wp-content\/uploads\/2025\/03\/2025.03.31_koniec-EP-1480x2048.png 1480w\" sizes=\"auto, (max-width: 575px) 100vw, 575px\" \/><\/div>\n<\/div>\n<hr \/>\n<p style=\"text-align: justify;\"><span style=\"color: #999999;\"><strong>Elektroniczna Portmonetka<\/strong> to us\u0142uga, kt\u00f3ra pozwala do\u0142adowa\u0107 Jaworznick\u0105 Kart\u0119 Miejsk\u0105 dowoln\u0105 kwot\u0105 pieni\u0119dzy i za jej po\u015brednictwem op\u0142aca\u0107 jednorazowe przejazdy naszymi autobusami.<\/span><\/p>\n<p style=\"text-align: justify;\"><span style=\"color: #999999;\">Elektroniczna Portmonetka daje Pa\u0144stwu liczne korzy\u015bci, m.in.:<\/span><\/p>\n<ul style=\"text-align: justify;\">\n<li><span style=\"color: #999999;\"><strong> ni\u017csze ceny przejazd\u00f3w<\/strong> w stosunku do bilet\u00f3w zakupionych u kierowcy (promocyjne op\u0142aty za przejazd w przypadku wykasowania karty przy wyj\u015bciu z autobusu)<\/span><\/li>\n<li><span style=\"color: #999999;\">rozleg\u0142a sie\u0107 punkt\u00f3w sprzeda\u017cy oznaczonych logo STREFA&#x2122;;<\/span><\/li>\n<li><span style=\"color: #999999;\">personalizacja karty (zapisanie na Karcie danych osobowych Pasa\u017cera), kt\u00f3ra umo\u017cliwia wydanie duplikatu Karty i odzyskanie \u015brodk\u00f3w w przypadku jej utraty lub zniszczenia;<\/span><\/li>\n<li><span style=\"color: #999999;\">trwa\u0142o\u015b\u0107 no\u015bnika<\/span><\/li>\n<\/ul>\n<p style=\"text-align: justify;\"><span style=\"color: #999999;\"><strong>Instrukcja korzystania z Elektronicznej Portmonetki.<\/strong><\/span><\/p>\n<p style=\"text-align: justify;\"><span style=\"color: #999999;\">1. Do\u0142aduj kart\u0119 \u017c\u0105dan\u0105 kwot\u0105. Uwaga. Aby mo\u017cna by\u0142o ui\u015bci\u0107 op\u0142at\u0119 za przejazd, nale\u017cy zapewni\u0107 na karcie kwot\u0119 w wysoko\u015bci stanowi\u0105cej co najmniej r\u00f3wnowarto\u015b\u0107 najta\u0144szego przejazdu w strefie, w kt\u00f3rej rozpoczyna si\u0119 podr\u00f3\u017c. Przyk\u0142adowo, w Jaworznie jest to 1,50 z\u0142 dla przejazdu ulgowego lub 3,00 z\u0142 dla przejazdu normalnego.<\/span><\/p>\n<p style=\"text-align: justify;\"><span style=\"color: #999999;\">2. Na kasowniku wybierz &#8222;N&#8221;, je\u015bli zamierzasz op\u0142aci\u0107 bilet normalny lub &#8222;U&#8221;, je\u015bli ulgowy, a nast\u0119pnie przy\u0142\u00f3\u017c kart\u0119. Uwaga. Przycisk wyboru biletu zawsze musi zosta\u0107 wci\u015bni\u0119ty przed przy\u0142o\u017ceniem karty do kasownika. W przeciwnym razie op\u0142ata za przejazd nie zostanie pobrana.<\/span><\/p>\n<p style=\"text-align: justify;\"><span style=\"color: #999999;\">3. Przeczytaj komunikat, jaki wy\u015bwietli si\u0119 na kasowniku, upewniaj\u0105c si\u0119, \u017ce bilet zosta\u0142 poprawnie skasowany. Je\u015bli na wy\u015bwietlaczu kasownika nie pojawi si\u0119 komunikat &#8222;POBRANO xxx z\u0142&#8221;, ponownie wykonaj polecenia opisane w punkcie 2.<\/span><\/p>\n<p style=\"text-align: justify;\"><span style=\"color: #999999;\">4. Przy wysiadaniu z autobusu przy\u0142\u00f3\u017c kart\u0119 do kasownika. Nie nale\u017cy wtenczas wciska\u0107 \u017cadnych przycisk\u00f3w na kasowniku.<\/span><\/p>\n<p style=\"text-align: center;\"><a href=\"http:\/\/www.pkm.jaworzno.pl\/www\/wp-content\/uploads\/2010\/07\/instrukcja.pdf\"><img loading=\"lazy\" decoding=\"async\" class=\"size-full wp-image-165 aligncenter\" title=\"Jak korzysta\u0107 z Elektronicznej Portmonetki\" src=\"http:\/\/www.pkm.jaworzno.pl\/www\/wp-content\/uploads\/2010\/07\/ep_jak_korzystac.gif\" alt=\"\" width=\"300\" height=\"122\" \/><\/a><\/p>\n<p style=\"text-align: center;\"><a href=\"http:\/\/www.pkm.jaworzno.pl\/www\/wp-content\/uploads\/2010\/07\/instrukcja.pdf\">Graficzna instrukcja poprawnego korzystania z Elektronicznej Portmonetki (plik w formacie *.pdf)<\/a><\/p>\n","protected":false},"excerpt":{"rendered":"<p>Elektroniczna Portmonetka na Jaworznickiej Karcie Miejskiej funkcjonuje od 2008 roku. System jest ju\u017c przestarza\u0142y i co raz wi\u0119cej kosztuje jego utrzymanie. Jednocze\u015bnie, na przestrzeni lat bardzo spad\u0142o zainteresowanie podr\u00f3\u017cnych t\u0105 form\u0105 wnoszenia op\u0142at za przejazdy. Zdecydowanie bardziej popularne s\u0105 obecnie zbli\u017ceniowe karty p\u0142atnicze. Dlatego te\u017c, podj\u0119li\u015bmy decyzj\u0119 o stopniowym wy\u0142\u0105czaniu us\u0142ugi Elektronicznej Portmonetki. Do 13 [&hellip;]<\/p>\n","protected":false},"author":6,"featured_media":0,"parent":8,"menu_order":2,"comment_status":"open","ping_status":"open","template":"","meta":{"_acf_changed":false,"footnotes":""},"class_list":["post-40","page","type-page","status-publish","hentry"],"acf":[],"publishpress_future_action":{"enabled":false,"date":"2026-04-24 04:30:17","action":"change-status","newStatus":"draft","terms":[],"taxonomy":"","extraData":[]},"publishpress_future_workflow_manual_trigger":{"enabledWorkflows":[]},"_links":{"self":[{"href":"https:\/\/www.pkm.jaworzno.pl\/www\/wp-json\/wp\/v2\/pages\/40","targetHints":{"allow":["GET"]}}],"collection":[{"href":"https:\/\/www.pkm.jaworzno.pl\/www\/wp-json\/wp\/v2\/pages"}],"about":[{"href":"https:\/\/www.pkm.jaworzno.pl\/www\/wp-json\/wp\/v2\/types\/page"}],"author":[{"embeddable":true,"href":"https:\/\/www.pkm.jaworzno.pl\/www\/wp-json\/wp\/v2\/users\/6"}],"replies":[{"embeddable":true,"href":"https:\/\/www.pkm.jaworzno.pl\/www\/wp-json\/wp\/v2\/comments?post=40"}],"version-history":[{"count":8,"href":"https:\/\/www.pkm.jaworzno.pl\/www\/wp-json\/wp\/v2\/pages\/40\/revisions"}],"predecessor-version":[{"id":14734,"href":"https:\/\/www.pkm.jaworzno.pl\/www\/wp-json\/wp\/v2\/pages\/40\/revisions\/14734"}],"up":[{"embeddable":true,"href":"https:\/\/www.pkm.jaworzno.pl\/www\/wp-json\/wp\/v2\/pages\/8"}],"wp:attachment":[{"href":"https:\/\/www.pkm.jaworzno.pl\/www\/wp-json\/wp\/v2\/media?parent=40"}],"curies":[{"name":"wp","href":"https:\/\/api.w.org\/{rel}","templated":true}]}}