{"id":46,"date":"2010-07-29T20:36:55","date_gmt":"2010-07-29T20:36:55","guid":{"rendered":"http:\/\/test.pkm.jaworzno.pl\/www\/"},"modified":"2026-04-14T09:37:17","modified_gmt":"2026-04-14T07:37:17","slug":"uprawnienia-do-ulg-i-przejazdow-bezplatnych","status":"publish","type":"page","link":"https:\/\/www.pkm.jaworzno.pl\/www\/bilety\/uprawnienia-do-ulg-i-przejazdow-bezplatnych\/","title":{"rendered":"Uprawnienia do ulg"},"content":{"rendered":"<p><span style=\"color: #000000;\"><em>Za\u0142\u0105cznik Nr 2 do zarz\u0105dzenia Nr GK.0050.22.2026 Prezydenta Miasta Jaworzna z dnia 16 stycznia 2026 r.<br \/>\nObowi\u0105zuje od 16 stycznia 2026 r.<br \/>\n<\/em><\/span><\/p>\n<table class=\"table\">\n<tbody>\n<tr>\n<th colspan=\"2\"><span style=\"color: #000000;\">WYKAZ OS\u00d3B I DOKUMENT\u00d3W UPRAWNIAJ\u0104CYCH DO BEZP\u0141ATNYCH LUB ULGOWYCH PRZEJAZD\u00d3W \u015aRODKAMI KOMUNIKACJI MIEJSKIEJ WYKONYWANYCH PRZEZ PKM SP\u00d3\u0141KA Z O.O. W JAWORZNIE<\/span><\/th>\n<\/tr>\n<tr>\n<th><span style=\"color: #000000;\">OSOBY UPRAWNIONE DO KORZYSTANIA Z BEZP\u0141ATNYCH PRZEJAZD\u00d3W<\/span><\/th>\n<th><span style=\"color: #000000;\">DOKUMENT UPRAWNIAJ\u0104CY DO KORZYSTANIA Z BEZP\u0141ATNYCH PRZEJAZD\u00d3W<\/span><\/th>\n<\/tr>\n<tr>\n<td><span style=\"color: #000000;\">Umundurowani funkcjonariusze Policji, Stra\u017cy Miejskiej i \u017bandarmerii Wojskowej<\/span><\/td>\n<td><span style=\"color: #000000;\"><a style=\"color: #000000;\" href=\"http:\/\/www.pkm.jaworzno.pl\/www\/wp-content\/uploads\/2012\/03\/sluzby_mundurowe.jpg\" target=\"_blank\"  rel=\"lightbox[46] noopener noreferrer\"><span style=\"text-decoration: underline;\"><span style=\"color: #008080; text-decoration: underline;\">Legitymacja s\u0142u\u017cbowa<\/span><\/span><\/a>.<\/span><\/td>\n<\/tr>\n<tr>\n<td><span style=\"color: #000000;\">Osoby niezdolne do samodzielnej egzystencji oraz osoby o znacznym stopniu niepe\u0142nosprawno\u015bci wraz z jednym towarzysz\u0105cym im opiekunem.<\/span><\/td>\n<td><a href=\"https:\/\/www.pkm.jaworzno.pl\/www\/wp-content\/uploads\/2023\/11\/orzeczenie.jpg\" rel=\"lightbox[46]\">Orzeczenie o znacznym stopniu niepe\u0142nosprawno\u015bci<\/a> lub <a href=\"https:\/\/www.pkm.jaworzno.pl\/www\/wp-content\/uploads\/2018\/08\/leg_os_niep_po16rz.jpg\" rel=\"lightbox[46]\">legitymacja osoby niepe\u0142nosprawnej<\/a> z zakodowanym stopniem oraz symbolem niepe\u0142nosprawno\u015bci wydana przez zesp\u00f3\u0142 ds. orzekania o niepe\u0142nosprawno\u015bci.<br \/>\nA tak\u017ce: <a href=\"https:\/\/www.pkm.jaworzno.pl\/www\/wp-content\/uploads\/2023\/11\/orzeczzus.jpg\" rel=\"lightbox[46] noopener noreferrer\">Orzeczenie lekarza orzecznika ZUS<\/a> lub <a href=\"https:\/\/www.pkm.jaworzno.pl\/www\/wp-content\/uploads\/2023\/11\/wypiszus.jpg\" rel=\"lightbox[46] noopener noreferrer\">wypis z tre\u015bci orzeczenia komisji lekarskiej ds. inwalidztwa i zatrudnienia<\/a> stwierdzaj\u0105ce niezdolno\u015b\u0107 do samodzielnej egzystencji. Dokumenty wa\u017cne wraz z dowodem to\u017csamo\u015bci.(1)<\/td>\n<\/tr>\n<tr>\n<td><span style=\"color: #000000;\">Dzieci do 16. roku \u017cycia, dotkni\u0119te niepe\u0142nosprawno\u015bci\u0105 okre\u015blon\u0105 w \u00a7 2 pkt 1 Rozporz\u0105dzenia MPiPS z dnia 1 lutego 2002 r. (Dz. U. Nr 17, poz. 162) wraz z jednym towarzysz\u0105cym im opiekunem.<\/span><\/td>\n<td><span style=\"color: #000000;\"><span style=\"text-decoration: underline;\"><a style=\"color: #000000; text-decoration: underline;\" href=\"http:\/\/www.pkm.jaworzno.pl\/www\/wp-content\/uploads\/2012\/03\/orzeczenie.jpg\" target=\"_blank\"  rel=\"lightbox[46] noopener noreferrer\"><span style=\"color: #008080; text-decoration: underline;\">Orzeczenie o niepe\u0142nosprawno\u015bci<\/span><\/a><\/span> b\u0105d\u017a <span style=\"text-decoration: underline; color: #008080;\"><a style=\"color: #008080; text-decoration: underline;\" href=\"http:\/\/www.pkm.jaworzno.pl\/www\/wp-content\/uploads\/2018\/08\/legi_os_niep_do16rz.jpg\" target=\"_blank\"  rel=\"lightbox[46] noopener noreferrer\">legitymacja osoby niepe\u0142nosprawnej<\/a><\/span> wydana przez zesp\u00f3\u0142 ds. orzekania o niepe\u0142nosprawno\u015bci.(1)<\/span><\/td>\n<\/tr>\n<tr>\n<td><span style=\"color: #000000;\">Dzieci i m\u0142odzie\u017c niepe\u0142nosprawna ucz\u0119szczaj\u0105ca do szk\u00f3\u0142 i\u00a0przedszkoli wraz z jednym towarzysz\u0105cym im opiekunem.<\/span><\/td>\n<td><span style=\"color: #000000;\"><a style=\"color: #000000;\" href=\"http:\/\/www.pkm.jaworzno.pl\/www\/wp-content\/uploads\/2019\/06\/legitymacja-przedszkolna.jpg\" target=\"_blank\"  rel=\"lightbox[46] noopener noreferrer\"><span style=\"text-decoration: underline;\"><span style=\"color: #008080; text-decoration: underline;\">Legitymacja przedszkolna<\/span><\/span><\/a> lub <span style=\"text-decoration: underline;\"><a style=\"color: #000000; text-decoration: underline;\" href=\"http:\/\/www.pkm.jaworzno.pl\/www\/wp-content\/uploads\/2019\/06\/leg.szkol_.niepelnospr..jpg\" rel=\"lightbox[46]\"><span style=\"color: #008080; text-decoration: underline;\">szkolna<\/span><\/a><\/span> (obowi\u0105zuje wz\u00f3r okre\u015blony przez w\u0142a\u015bciwe ministerstwo).(1)<\/span><\/td>\n<\/tr>\n<tr>\n<td><span style=\"color: #000000;\">Osoby z orzeczonym znacznym lub umiarkowanym stopniem niepe\u0142nosprawno\u015bci z powodu choroby narz\u0105du wzroku wraz z\u00a0jednym towarzysz\u0105cym im przewodnikiem.<\/span><\/td>\n<td><span style=\"color: #000000;\"><a style=\"color: #000000;\" href=\"http:\/\/www.pkm.jaworzno.pl\/www\/wp-content\/uploads\/2018\/08\/legi.jpg\" target=\"_blank\"  rel=\"lightbox[46] noopener noreferrer\"><span style=\"text-decoration: underline;\"><span style=\"color: #008080; text-decoration: underline;\">Dokument potwierdzaj\u0105cy niepe\u0142nosprawno\u015b\u0107 z powodu choroby narz\u0105du wzroku<\/span><\/span><\/a> wydany przez uprawniony organ wraz z dowodem to\u017csamo\u015bci. (1)<\/span><\/td>\n<\/tr>\n<tr>\n<td><span style=\"color: #000000;\">Dzieci w wieku do 4 lat.<\/span><\/td>\n<td><span style=\"color: #000000;\">O\u015bwiadczenie osoby opiekuj\u0105cej si\u0119 dzieckiem w czasie podr\u00f3\u017cy.<\/span><\/td>\n<\/tr>\n<tr>\n<td><span style=\"color: #000000;\">Osoby, kt\u00f3re uko\u0144czy\u0142y 70. rok \u017cycia.<\/span><\/td>\n<td><span style=\"color: #000000;\">Dow\u00f3d osobisty lub inny dokument ze zdj\u0119ciem umo\u017cliwiaj\u0105cy stwierdzenie to\u017csamo\u015bci i wieku.<\/span><\/td>\n<\/tr>\n<tr>\n<td><span style=\"color: #000000;\">W\u0142a\u015bciciele samochodu w dniu 22 wrze\u015bnia ka\u017cdego roku (\u201eDzie\u0144 bez samochodu\u201d).<\/span><\/td>\n<td><span style=\"color: #000000;\">Dow\u00f3d rejestracyjny samochodu wraz z dowodem to\u017csamo\u015bci.<\/span><\/td>\n<\/tr>\n<tr>\n<td><span style=\"color: #000000;\">Pracownicy Przedsi\u0119biorstwa Komunikacji Miejskiej Sp.\u00a0z\u00a0o.o. w\u00a0Jaworznie wraz z jedn\u0105 wskazan\u0105 przez nich osob\u0105 pozostaj\u0105c\u0105 w najbli\u017cszym stopniu pokrewie\u0144stwa (wsp\u00f3\u0142ma\u0142\u017conek, dzieci).<\/span><\/td>\n<td><span style=\"color: #000000;\">Jaworznicka Karta Miejska z zapisanym na niej elektronicznie uprawnieniem do\u00a0bezp\u0142atnego przejazdu.<\/span><\/td>\n<\/tr>\n<tr>\n<td><span style=\"color: #000000;\">Zorganizowane grupy (co najmniej 10 os\u00f3b) dzieci i m\u0142odzie\u017cy szkolnej wraz z opiekunem (1 opiekun na 10 os\u00f3b) uczestnicz\u0105ce w zorganizowanych przy udziale Gminy Miasta Jaworzno formach wypoczynku letniego i zimowego.<\/span><\/td>\n<td><span style=\"color: #000000;\">&#8222;Karta bezp\u0142atnego przejazdu&#8221; zawieraj\u0105ca: liczb\u0119 os\u00f3b uczestnicz\u0105cych w zorganizowanych przy udziale Gminy Miasta Jaworzno formach wypoczynku letniego i zimowego, dat\u0119, godzin\u0119 oraz lini\u0119 komunikacyjn\u0105 realizuj\u0105c\u0105 przejazd, zatwierdzona przez MZDiM w Jaworznie.<\/span><\/td>\n<\/tr>\n<tr>\n<td><span style=\"color: #000000;\">Cz\u0142onkowie rodzin obj\u0119tych programem &#8222;Jaworznicka Rodzina Wielodzietna&#8221; &#8211; w soboty, niedziele i \u015bwi\u0119ta.<\/span><\/td>\n<td><span style=\"color: #000000;\"><span style=\"text-decoration: underline; color: #008080;\"><a style=\"color: #008080; text-decoration: underline;\" href=\"http:\/\/www.pkm.jaworzno.pl\/www\/wp-content\/uploads\/2019\/11\/karta-duzej-rodziny-768x972.jpg\" rel=\"lightbox[46]\">Karta Du\u017cej Rodziny<\/a><\/span> wraz z dowodem osobistym lub innym dokumentem ze zdj\u0119ciem umo\u017cliwiaj\u0105cym stwierdzenie to\u017csamo\u015bci.\u00a0<\/span><\/td>\n<\/tr>\n<tr>\n<td><span style=\"color: #000000;\">Dzieci i m\u0142odzie\u017c do 25. roku \u017cycia obj\u0119te programem &#8222;Jaworznicka Rodzina Wielodzietna&#8221; w okresie wiosennej przerwy \u015bwi\u0105tecznej, ferii letnich oraz zimowej przerwy \u015bwi\u0105tecznej (zgodnie z terminami corocznie og\u0142aszanymi przez Ministra Edukacji Narodowej).<\/span><\/td>\n<td><span style=\"color: #000000;\"><span style=\"text-decoration: underline;\"><a href=\"http:\/\/www.pkm.jaworzno.pl\/www\/wp-content\/uploads\/2019\/11\/karta-duzej-rodziny-768x972.jpg\" rel=\"lightbox[46]\"><span style=\"color: #008080; text-decoration: underline;\">Karta Du\u017cej Rodziny<\/span><\/a><\/span> <\/span>wraz z wa\u017cn\u0105 legitymacj\u0105 szkoln\u0105. Obowi\u0105zuje wz\u00f3r okre\u015blony przez w\u0142a\u015bciwe ministerstwo. (1)<\/td>\n<\/tr>\n<tr>\n<td><span style=\"color: #000000;\">Wszystkie osoby w dniu 1 listopada ka\u017cdego roku.<\/span><\/td>\n<td class=\"text-align\"><span style=\"color: #000000;\">&#8211;<\/span><\/td>\n<\/tr>\n<tr>\n<td>Osoby, kt\u00f3re ui\u015bci\u0142y op\u0142at\u0119 za parkowanie na p\u0142atnym parkingu na Miejskim Centrum Integracji Transportu \u2013 do godziny 24:00 dnia, w kt\u00f3rym uiszczono op\u0142at\u0119 za parking.<\/td>\n<td class=\"text-align\"><span style=\"color: #000000;\"><span style=\"text-decoration: underline;\"><a href=\"http:\/\/www.pkm.jaworzno.pl\/www\/wp-content\/uploads\/2019\/11\/path4265.png\" rel=\"lightbox[46]\"><span style=\"color: #008080; text-decoration: underline;\">Dow\u00f3d uiszczenia op\u0142aty za parking w danym dniu kalendarzowym w postaci wydruku z kasy parkingowej.<\/span><\/a><\/span><\/span><\/td>\n<\/tr>\n<\/tbody>\n<\/table>\n<table class=\"table\">\n<tbody>\n<tr>\n<th><span style=\"color: #000000;\">OSOBY UPRAWNIONE DO 50% ULGI W PRZEJAZDACH<\/span><\/th>\n<th><span style=\"color: #000000;\">DOKUMENT UPRAWNIAJ\u0104CY DO KORZYSTANIA Z 50% ULGI W PRZEJAZDACH<\/span><\/th>\n<\/tr>\n<tr>\n<td><span style=\"color: #000000;\">Dzieci w wieku od 4 do 10 lat.<\/span><\/td>\n<td><span style=\"color: #000000;\">O\u015bwiadczenie osoby opiekuj\u0105cej si\u0119 dzieckiem w czasie podr\u00f3\u017cy.<\/span><\/td>\n<\/tr>\n<tr>\n<td>Uczniowie szk\u00f3\u0142 podstawowych, szk\u00f3\u0142 ponadpodstawowych oraz policealnych do dnia uko\u0144czenia 23. roku \u017cycia.<\/td>\n<td><span style=\"color: #000000;\">Wa\u017cna <span style=\"text-decoration: underline; color: #008080;\"><a style=\"color: #008080; text-decoration: underline;\" href=\"http:\/\/www.pkm.jaworzno.pl\/www\/wp-content\/uploads\/2019\/06\/leg.szkol_.norm_.jpg\" target=\"_blank\"  rel=\"lightbox[46] noopener noreferrer\">legitymacja szkolna<\/a><\/span>. Obowi\u0105zuje wz\u00f3r okre\u015blony przez w\u0142a\u015bciwe ministerstwo.(1)<\/span><\/td>\n<\/tr>\n<tr>\n<td><span style=\"color: #000000;\">Emeryci i renci\u015bci, kt\u00f3rzy uko\u0144czyli 55. rok \u017cycia.<\/span><\/td>\n<td><span style=\"color: #000000;\">Dokument to\u017csamo\u015bci wraz z <span style=\"text-decoration: underline; color: #008080;\"><a style=\"color: #008080; text-decoration: underline;\" href=\"http:\/\/www.pkm.jaworzno.pl\/www\/wp-content\/uploads\/2018\/08\/emerycirencisci.jpg\" target=\"_blank\"  rel=\"lightbox[46] noopener noreferrer\">legitymacj\u0105 emeryta (rencisty)<\/a><\/span> lub dokument to\u017csamo\u015bci wraz z potwierdzeniem wyp\u0142aty \u015bwiadczenia z poprzedniego miesi\u0105ca. (1)<\/span><\/td>\n<\/tr>\n<tr>\n<td><span style=\"color: #000000;\">Osoby z niepe\u0142nosprawno\u015bci\u0105 umys\u0142ow\u0105 w stopniu umiarkowanym wraz z towarzysz\u0105cym im opiekunem.<\/span><\/td>\n<td><span style=\"color: #000000;\"><span style=\"text-decoration: underline;\"><a style=\"color: #000000; text-decoration: underline;\" href=\"http:\/\/www.pkm.jaworzno.pl\/www\/wp-content\/uploads\/2012\/03\/orzeczenie.jpg\" target=\"_blank\"  rel=\"lightbox[46] noopener noreferrer\"><span style=\"color: #008080; text-decoration: underline;\">Orzeczenie o\u00a0umiarkowanym stopniu niepe\u0142nosprawno\u015bci<\/span><\/a><\/span> lub <span style=\"text-decoration: underline; color: #008080;\"><a style=\"color: #008080; text-decoration: underline;\" href=\"http:\/\/www.pkm.jaworzno.pl\/www\/wp-content\/uploads\/2018\/08\/leg_os_niep_po16rz.jpg\" target=\"_blank\"  rel=\"lightbox[46] noopener noreferrer\">legitymacja osoby niepe\u0142nosprawnej<\/a><\/span> stwierdzaj\u0105ca umiarkowany stopie\u0144 niepe\u0142nosprawno\u015bci wystawiona przez zesp\u00f3\u0142 ds. orzekania o\u00a0niepe\u0142nosprawno\u015bci.<\/span><\/td>\n<\/tr>\n<\/tbody>\n<\/table>\n<table class=\"table\">\n<tbody>\n<tr>\n<td><span style=\"color: #000000;\"><strong>Inne osoby<\/strong>, kt\u00f3rych uprawnienia do\u00a0bezp\u0142atnych lub ulgowych przejazd\u00f3w komunikacj\u0105 miejsk\u0105 wynikaj\u0105 z\u00a0przepis\u00f3w prawa powszechnie obowi\u0105zuj\u0105cego.<\/span><\/td>\n<td><span style=\"color: #000000;\">W\u0142a\u015bciwe dokumenty potwierdzaj\u0105ce uprawnienie, wynikaj\u0105ce z przepis\u00f3w, kt\u00f3re s\u0105 jego podstaw\u0105.<\/span><\/td>\n<\/tr>\n<\/tbody>\n<\/table>\n<p style=\"text-align: justify;\"><span style=\"color: #000000;\">(1) Obywateli pozosta\u0142ych pa\u0144stw cz\u0142onkowskich Unii Europejskiej obowi\u0105zuje dokument potwierdzaj\u0105cy wymieniony status, wydany w tych pa\u0144stwach wraz z dowodem to\u017csamo\u015bci.<\/span><\/p>\n<h3 style=\"text-align: center;\"><span style=\"color: #000000;\">WYBRANE UPRAWNIENIA DO BEZP\u0141ATNYCH LUB ULGOWYCH PRZEJAZD\u00d3W \u015aRODKAMI KOMUNIKACJI MIEJSKIEJ WYKONYWANYCH PRZEZ PKM SP\u00d3\u0141KA Z O.O. W JAWORZNIE NA PODSTAWIE INNYCH PRZEPIS\u00d3W NI\u017b ZARZ\u0104DZENIE PREZYDENTA MIASTA JAWORZNA<\/span><\/h3>\n<table class=\"table\">\n<tbody>\n<tr>\n<th><span style=\"color: #000000;\">OSOBY UPRAWNIONE DO KORZYSTANIA Z BEZP\u0141ATNYCH PRZEJAZD\u00d3W<\/span><\/th>\n<th><span style=\"color: #000000;\"><strong>DOKUMENT UPRAWNIAJ\u0104CY DO KORZYSTANIA Z BEZP\u0141ATNYCH PRZEJAZD\u00d3W<\/strong><\/span><\/th>\n<\/tr>\n<tr>\n<td><span style=\"color: #000000;\">Pos\u0142owie i Senatorowie Rzeczypospolitej Polskiej.<\/span><\/td>\n<td><span style=\"color: #000000;\">Wa\u017cna <span style=\"color: #008080;\"><a style=\"color: #008080;\" href=\"http:\/\/web.archive.org\/web\/20130109215840\/http:\/\/www.pkm.jaworzno.pl\/www\/wp-content\/uploads\/2012\/03\/legitymacja_poselska.jpg\" rel=\"lightbox[46]\"><span style=\"text-decoration: underline;\">legitymacja poselska<\/span><\/a><\/span> lub <span style=\"color: #008080;\"><a style=\"color: #008080;\" href=\"http:\/\/web.archive.org\/web\/20130109215840\/http:\/\/www.pkm.jaworzno.pl\/www\/wp-content\/uploads\/2012\/03\/legitymacja_senatorska.jpg\" rel=\"lightbox[46]\"><span style=\"text-decoration: underline;\">senatorska<\/span><\/a><\/span>.<\/span><\/td>\n<\/tr>\n<tr>\n<td><span style=\"color: #000000;\">Inwalidzi wojenni oraz inwalidzi wojskowi oraz przewodnik towarzysz\u0105cy inwalidzie zaliczanemu do I grupy inwalidzkiej.<\/span><\/td>\n<td><span style=\"color: #000000;\"><span style=\"color: #008080;\"><a style=\"color: #008080;\" href=\"http:\/\/web.archive.org\/web\/20130109215840\/http:\/\/www.pkm.jaworzno.pl\/www\/wp-content\/uploads\/2012\/03\/inwalida_wojenny.gif\" rel=\"lightbox[46]\"><span style=\"text-decoration: underline;\">Legitymacja inwalidy wojennego lub wojskowego<\/span><\/a><\/span>.<\/span><\/td>\n<\/tr>\n<tr>\n<td><span style=\"color: #000000;\">Cywilne niewidome ofiary dzia\u0142a\u0144 wojennych.<\/span><\/td>\n<td><span style=\"color: #000000;\"><a style=\"color: #000000;\" href=\"http:\/\/www.pkm.jaworzno.pl\/www\/wp-content\/uploads\/2010\/07\/image002.jpg\" target=\"_blank\"  rel=\"lightbox[46] noopener noreferrer\"><span style=\"text-decoration: underline;\"><span style=\"color: #008080; text-decoration: underline;\">Legitymacja cywilnej niewidomej ofiary dzia\u0142a\u0144 wojennych<\/span><\/span><\/a>.<\/span><\/td>\n<\/tr>\n<\/tbody>\n<\/table>\n<table class=\"table\">\n<tbody>\n<tr>\n<th><span style=\"color: #000000;\">OSOBY UPRAWNIONE DO 50% ULGI W PRZEJAZDACH<\/span><\/th>\n<th><span style=\"color: #000000;\"><strong>DOKUMENT UPRAWNIAJ\u0104CY DO KORZYSTANIA Z 50% ULGI W PRZEJAZDACH<\/strong><\/span><\/th>\n<\/tr>\n<tr>\n<td><span style=\"color: #000000;\">Kombatanci i osoby b\u0119d\u0105ce ofiarami represji wojennych i\u00a0okresu powojennego.<\/span><\/td>\n<td><span style=\"color: #000000;\"><a style=\"color: #000000;\" href=\"http:\/\/web.archive.org\/web\/20130109215840\/http:\/\/www.pkm.jaworzno.pl\/www\/wp-content\/uploads\/2012\/03\/osoba_represjonowana.jpg\" rel=\"lightbox[46]\"><span style=\"text-decoration: underline;\"><span style=\"color: #008080; text-decoration: underline;\">Legitymacja kombatancka<\/span><\/span><\/a> lub za\u015bwiadczenie wydane przez Urz\u0105d do Spraw Kombatant\u00f3w i Os\u00f3b Represjonowanych. (1)<\/span><\/td>\n<\/tr>\n<tr>\n<td><span style=\"color: #000000;\">Studenci (osoby kszta\u0142c\u0105ce si\u0119 na studiach I lub II stopnia albo jednolitych studiach magisterskich) polskich i zagranicznych uczelni (za wyj\u0105tkiem student\u00f3w studi\u00f3w podyplomowych i\u00a0doktoranckich).<\/span><\/td>\n<td><span style=\"color: #000000;\">Wa\u017cna <span style=\"color: #008080;\"><a style=\"color: #008080;\" href=\"http:\/\/web.archive.org\/web\/20130109215840\/http:\/\/www.pkm.jaworzno.pl\/www\/wp-content\/uploads\/2012\/03\/student.jpg\" rel=\"lightbox[46]\"><span style=\"text-decoration: underline;\">legitymacja studencka<\/span><\/a><\/span> wydana przez polsk\u0105 uczelni\u0119 (obowi\u0105zuje wz\u00f3r okre\u015blony przez w\u0142a\u015bciwe ministerstwo) lub <span style=\"color: #008080;\"><a style=\"color: #008080;\" href=\"http:\/\/www.pkm.jaworzno.pl\/www\/wp-content\/uploads\/2019\/07\/isic.png\" rel=\"lightbox[46]\"><span style=\"text-decoration: underline;\">mi\u0119dzynarodowa legitymacja studencka ISIC (International Student Identity Card<\/span>)<\/a><\/span>.<\/span><\/td>\n<\/tr>\n<tr>\n<td><span style=\"color: #000000;\">S\u0142uchacze kolegi\u00f3w nauczycielskich, nauczycielskich kolegi\u00f3w j\u0119zyk\u00f3w obcych oraz kolegi\u00f3w pracownik\u00f3w s\u0142u\u017cb spo\u0142ecznych.<\/span><\/td>\n<td><span style=\"color: #000000;\"><span style=\"color: #008080;\"><a style=\"color: #008080;\" href=\"http:\/\/www.pkm.jaworzno.pl\/www\/wp-content\/uploads\/2010\/07\/02720.jpg\" target=\"_blank\"  rel=\"lightbox[46] noopener noreferrer\"><span style=\"text-decoration: underline;\"><span style=\"color: #008080; text-decoration: underline;\">Wa\u017cna legitymacja s\u0142uchacza kolegium<\/span><\/span><\/a><\/span>.<\/span><\/td>\n<\/tr>\n<tr>\n<td><span style=\"color: #000000;\">Weterani poszkodowani pobieraj\u0105cy rent\u0119 inwalidzk\u0105 z tytu\u0142u uraz\u00f3w lub chor\u00f3b powsta\u0142ych w zwi\u0105zku z udzia\u0142em w\u00a0dzia\u0142aniach poza granicami kraju.<\/span><\/td>\n<td><span style=\"color: #000000;\"><span style=\"color: #008080;\"><a style=\"color: #008080;\" href=\"http:\/\/www.pkm.jaworzno.pl\/www\/wp-content\/uploads\/2010\/07\/legitymacja-weterana.jpg\" target=\"_blank\"  rel=\"lightbox[46] noopener noreferrer\"><span style=\"text-decoration: underline;\">Legitymacja weterana<\/span><\/a><\/span> wraz z legitymacj\u0105 emeryta &#8211; rencisty.<\/span><\/td>\n<\/tr>\n<\/tbody>\n<\/table>\n<table class=\"table\">\n<tbody>\n<tr>\n<td><span style=\"color: #000000;\"><strong>Inne osoby<\/strong>, kt\u00f3rych uprawnienia do\u00a0bezp\u0142atnych lub ulgowych przejazd\u00f3w komunikacj\u0105 miejsk\u0105 wynikaj\u0105 z\u00a0przepis\u00f3w prawa powszechnie obowi\u0105zuj\u0105cego.<\/span><\/td>\n<td><span style=\"color: #000000;\">W\u0142a\u015bciwe dokumenty potwierdzaj\u0105ce uprawnienie, wynikaj\u0105ce z przepis\u00f3w, kt\u00f3re s\u0105 jego podstaw\u0105.<\/span><\/td>\n<\/tr>\n<\/tbody>\n<\/table>\n<p style=\"text-align: justify;\"><span style=\"color: #000000;\">(1) Obywateli pozosta\u0142ych pa\u0144stw cz\u0142onkowskich Unii Europejskiej obowi\u0105zuje dokument potwierdzaj\u0105cy wymieniony status, wydany w tych pa\u0144stwach wraz z dowodem to\u017csamo\u015bci.<\/span><\/p>\n<div><a href=\"http:\/\/www.pkm.jaworzno.pl\/www\/wp-content\/uploads\/2026\/01\/Wykaz-ulg_16012026.pdf\">Wykaz os\u00f3b i dokument\u00f3w uprawniaj\u0105cych do bezp\u0142atnych lub ulgowych przejazd\u00f3w \u015brodkami komunikacji miejskiej wa\u017cny od 16.01.2026 (plik w formacie *pdf)<\/a><\/div>\n","protected":false},"excerpt":{"rendered":"<p>Za\u0142\u0105cznik Nr 2 do zarz\u0105dzenia Nr GK.0050.22.2026 Prezydenta Miasta Jaworzna z dnia 16 stycznia 2026 r. Obowi\u0105zuje od 16 stycznia 2026 r. WYKAZ OS\u00d3B I DOKUMENT\u00d3W UPRAWNIAJ\u0104CYCH DO BEZP\u0141ATNYCH LUB ULGOWYCH PRZEJAZD\u00d3W \u015aRODKAMI KOMUNIKACJI MIEJSKIEJ WYKONYWANYCH PRZEZ PKM SP\u00d3\u0141KA Z O.O. W JAWORZNIE OSOBY UPRAWNIONE DO KORZYSTANIA Z BEZP\u0141ATNYCH PRZEJAZD\u00d3W DOKUMENT UPRAWNIAJ\u0104CY DO KORZYSTANIA Z [&hellip;]<\/p>\n","protected":false},"author":6,"featured_media":0,"parent":6583,"menu_order":1,"comment_status":"open","ping_status":"open","template":"","meta":{"_acf_changed":false,"footnotes":""},"class_list":["post-46","page","type-page","status-publish","hentry"],"acf":[],"publishpress_future_action":{"enabled":false,"date":"2026-05-09 23:06:31","action":"change-status","newStatus":"draft","terms":[],"taxonomy":"","extraData":[]},"publishpress_future_workflow_manual_trigger":{"enabledWorkflows":[]},"_links":{"self":[{"href":"https:\/\/www.pkm.jaworzno.pl\/www\/wp-json\/wp\/v2\/pages\/46","targetHints":{"allow":["GET"]}}],"collection":[{"href":"https:\/\/www.pkm.jaworzno.pl\/www\/wp-json\/wp\/v2\/pages"}],"about":[{"href":"https:\/\/www.pkm.jaworzno.pl\/www\/wp-json\/wp\/v2\/types\/page"}],"author":[{"embeddable":true,"href":"https:\/\/www.pkm.jaworzno.pl\/www\/wp-json\/wp\/v2\/users\/6"}],"replies":[{"embeddable":true,"href":"https:\/\/www.pkm.jaworzno.pl\/www\/wp-json\/wp\/v2\/comments?post=46"}],"version-history":[{"count":101,"href":"https:\/\/www.pkm.jaworzno.pl\/www\/wp-json\/wp\/v2\/pages\/46\/revisions"}],"predecessor-version":[{"id":17372,"href":"https:\/\/www.pkm.jaworzno.pl\/www\/wp-json\/wp\/v2\/pages\/46\/revisions\/17372"}],"up":[{"embeddable":true,"href":"https:\/\/www.pkm.jaworzno.pl\/www\/wp-json\/wp\/v2\/pages\/6583"}],"wp:attachment":[{"href":"https:\/\/www.pkm.jaworzno.pl\/www\/wp-json\/wp\/v2\/media?parent=46"}],"curies":[{"name":"wp","href":"https:\/\/api.w.org\/{rel}","templated":true}]}}