{"id":7178,"date":"2018-03-29T21:44:04","date_gmt":"2018-03-29T19:44:04","guid":{"rendered":"http:\/\/www.nowastrona.pkm.jaworzno.pl\/www\/?page_id=7178"},"modified":"2026-04-24T14:05:11","modified_gmt":"2026-04-24T12:05:11","slug":"sprzedaz-biletow-u-kierowcow","status":"publish","type":"page","link":"https:\/\/www.pkm.jaworzno.pl\/www\/bilety\/sprzedaz-biletow-u-kierowcow\/","title":{"rendered":"Sprzeda\u017c bilet\u00f3w u kierowc\u00f3w"},"content":{"rendered":"","protected":false},"excerpt":{"rendered":"","protected":false},"author":3,"featured_media":0,"parent":6583,"menu_order":0,"comment_status":"closed","ping_status":"closed","template":"page_two_columns.php","meta":{"_acf_changed":false,"footnotes":""},"class_list":["post-7178","page","type-page","status-publish","hentry"],"acf":[],"publishpress_future_action":{"enabled":false,"date":"2026-05-11 19:35:55","action":"change-status","newStatus":"draft","terms":[],"taxonomy":"","extraData":[]},"publishpress_future_workflow_manual_trigger":{"enabledWorkflows":[]},"_links":{"self":[{"href":"https:\/\/www.pkm.jaworzno.pl\/www\/wp-json\/wp\/v2\/pages\/7178","targetHints":{"allow":["GET"]}}],"collection":[{"href":"https:\/\/www.pkm.jaworzno.pl\/www\/wp-json\/wp\/v2\/pages"}],"about":[{"href":"https:\/\/www.pkm.jaworzno.pl\/www\/wp-json\/wp\/v2\/types\/page"}],"author":[{"embeddable":true,"href":"https:\/\/www.pkm.jaworzno.pl\/www\/wp-json\/wp\/v2\/users\/3"}],"replies":[{"embeddable":true,"href":"https:\/\/www.pkm.jaworzno.pl\/www\/wp-json\/wp\/v2\/comments?post=7178"}],"version-history":[{"count":8,"href":"https:\/\/www.pkm.jaworzno.pl\/www\/wp-json\/wp\/v2\/pages\/7178\/revisions"}],"predecessor-version":[{"id":17424,"href":"https:\/\/www.pkm.jaworzno.pl\/www\/wp-json\/wp\/v2\/pages\/7178\/revisions\/17424"}],"up":[{"embeddable":true,"href":"https:\/\/www.pkm.jaworzno.pl\/www\/wp-json\/wp\/v2\/pages\/6583"}],"wp:attachment":[{"href":"https:\/\/www.pkm.jaworzno.pl\/www\/wp-json\/wp\/v2\/media?parent=7178"}],"curies":[{"name":"wp","href":"https:\/\/api.w.org\/{rel}","templated":true}]}}