{"id":7190,"date":"2018-03-29T21:59:38","date_gmt":"2018-03-29T19:59:38","guid":{"rendered":"http:\/\/www.nowastrona.pkm.jaworzno.pl\/www\/?page_id=7190"},"modified":"2018-05-17T09:50:16","modified_gmt":"2018-05-17T07:50:16","slug":"open-payment-system","status":"publish","type":"page","link":"https:\/\/www.pkm.jaworzno.pl\/www\/bilety\/open-payment-system\/","title":{"rendered":"Open Payment System"},"content":{"rendered":"<p><strong><br \/>\nWszystkie nale\u017c\u0105ce do sp\u00f3\u0142ki autobusy wyposa\u017cone s\u0105 w\u00a0nowoczesny, intuicyjny terminal biletowy Open Payment System Jaworzno. Podobny system funkcjonuje obecnie jedynie w kilku europejskich miastach.<br \/>\n<\/strong><\/p>\n<p style=\"text-align: justify;\">Open Payment System Jaworzno, stworzony przez Mennic\u0119 Polsk\u0105, umo\u017cliwia p\u0142atno\u015b\u0107 za przejazd zgodnie ze cennikiem op\u0142at PKM\u00a0i\u00a0honoruje karty p\u0142atnicze r\u00f3\u017cnych operator\u00f3w, w tym Visa i Master Card. Dotykowe terminale biletowe dzia\u0142aj\u0105 we wszystkich pojazdach.<\/p>\n<p style=\"text-align: justify;\">Obs\u0142uga urz\u0105dzenia opiera si\u0119 na trzech krokach: wybierz \u2013 zbli\u017c \u2013 jed\u017a. Jak op\u0142aci\u0107 przejazd? Pasa\u017cer na dotykowym terminalu (zamontowanym w przedniej cz\u0119\u015bci autobusu) wybiera potrzebny bilet, a nast\u0119pnie op\u0142aca przejazd poprzez zbli\u017cenie karty p\u0142atniczej do ekranu. W momencie zbli\u017cenia karty do terminala biletowego OPS zostaje automatycznie pobrana w\u0142a\u015bciwa kwota z konta karty p\u0142atniczej. W terminalu mo\u017cna zakupi\u0107 dowolny bilet jednorazowy lub dzienny. Dost\u0119pna jest tak\u017ce opcja zakupu kilka bilet\u00f3w jednocze\u015bnie (np. dla cz\u0142onk\u00f3w ca\u0142ej rodziny).<\/p>\n<p style=\"text-align: justify;\">Korzystanie z urz\u0105dzenia jest proste i\u00a0intuicyjne. Na terminalu wy\u015bwietlaj\u0105 si\u0119 komunikaty (plansze) kieruj\u0105ce do kolejnych krok\u00f3w i\u00a0potwierdzaj\u0105ce wybory pasa\u017cera, w tym zatwierdzenie op\u0142acenia przejazdu. R\u00f3wnie\u017c kontrola biletowa jest prosta \u2013 pasa\u017cer zbli\u017ca kart\u0119 p\u0142atnicz\u0105, kt\u00f3r\u0105 op\u0142aci\u0142 przejazd (nie wypuszczaj\u0105c jej z r\u0119ki), do sprawdzarki kontrolera.<\/p>\n<p style=\"text-align: justify;\">Ka\u017cdy pasa\u017cer ma mo\u017cliwo\u015b\u0107 sprawdzenia stanu poprawno\u015bci zakupu biletu za pomoc\u0105 opcji &#8222;Sprawd\u017a bilet&#8221;.<\/p>\n<figure><img loading=\"lazy\" decoding=\"async\" width=\"1024\" height=\"915\" class=\"alignnone size-large wp-image-7192\" style=\"width: 100%; max-width: 800px; margin: 30px auto;\" src=\"http:\/\/www.pkm.jaworzno.pl\/www\/wp-content\/uploads\/2018\/03\/OPS_2-1024x915.png\" alt=\"\" srcset=\"https:\/\/www.pkm.jaworzno.pl\/www\/wp-content\/uploads\/2018\/03\/OPS_2-1024x915.png 1024w, https:\/\/www.pkm.jaworzno.pl\/www\/wp-content\/uploads\/2018\/03\/OPS_2-1024x915-300x268.png 300w, https:\/\/www.pkm.jaworzno.pl\/www\/wp-content\/uploads\/2018\/03\/OPS_2-1024x915-768x686.png 768w, https:\/\/www.pkm.jaworzno.pl\/www\/wp-content\/uploads\/2018\/03\/OPS_2-1024x915-600x536.png 600w\" sizes=\"auto, (max-width: 1024px) 100vw, 1024px\" \/><\/figure>\n<h2>Bezpiecze\u0144stwo Systemu<\/h2>\n<p style=\"text-align: justify;\">PKM Jaworzno i Mennica nie maj\u0105 dost\u0119pu do stanu konta pasa\u017cera. Jest ono zabezpieczone i chronione tajemnic\u0105 bankow\u0105 przez bank emituj\u0105cy kart\u0119 dok\u0142adnie na takim samym poziomie jak w bankomacie czy terminalu sklepowym.<\/p>\n<p style=\"text-align: justify;\">Open Payment System pobiera wy\u0142\u0105cznie kwot\u0119 okre\u015blon\u0105 przez pasa\u017cera na etapie zakupu biletu\/bilet\u00f3w. Ka\u017cda transakcja zakupu biletu otrzymuje unikalny identyfikator transakcji, co zabezpiecza przed wielokrotnym zakupem tego samego biletu lub kilkukrotnym naliczeniem op\u0142aty. Ka\u017cda kolejna transakcja musi by\u0107 zatwierdzona przez pasa\u017cera na ekranie dotykowym terminala biletowego.<\/p>\n<p style=\"text-align: justify;\">Sprawdzarki kontrolerskie maj\u0105 jedynie dost\u0119p do informacji, czy kart\u0105 zosta\u0142 zakupiony bilet w PKM Jaworzno i czy jest on wa\u017cny. Nie maj\u0105 natomiast dost\u0119pu do danych bankowych czy innych danych wra\u017cliwych pasa\u017cera.<\/p>\n<p style=\"text-align: justify;\">PKM Jaworzno i Mennica Polska przypominaj\u0105, \u017ce w autobusie zbli\u017ceniowej karty bankowej nie wolno nikomu dawa\u0107 do r\u0119ki. W czasie kontroli bilet\u00f3w, kontroler (wyposa\u017cony w sprawdzark\u0119 i identyfikator PKM Jaworzno) przyk\u0142ada sprawdzark\u0119 kontrolersk\u0105 do trzymanej przez pasa\u017cera karty.<\/p>\n<p style=\"text-align: justify; color: red;\">Zgodnie z Regulaminem Przewoz\u00f3w brak akceptacji transakcji dokonywanej zbli\u017ceniow\u0105 kart\u0105 p\u0142atnicz\u0105 nie zwalnia pasa\u017cera z obowi\u0105zku posiadania wa\u017cnego biletu.<\/p>\n<figure><img loading=\"lazy\" decoding=\"async\" width=\"900\" height=\"596\" class=\"alignnone size-large wp-image-7199\" src=\"http:\/\/www.pkm.jaworzno.pl\/www\/wp-content\/uploads\/2018\/03\/OPS_1a.jpg\" alt=\"\" style=\"width: 100%; max-width: 800px; margin: 30px auto;\" srcset=\"https:\/\/www.pkm.jaworzno.pl\/www\/wp-content\/uploads\/2018\/03\/OPS_1a.jpg 900w, https:\/\/www.pkm.jaworzno.pl\/www\/wp-content\/uploads\/2018\/03\/OPS_1a-300x199.jpg 300w, https:\/\/www.pkm.jaworzno.pl\/www\/wp-content\/uploads\/2018\/03\/OPS_1a-768x509.jpg 768w, https:\/\/www.pkm.jaworzno.pl\/www\/wp-content\/uploads\/2018\/03\/OPS_1a-600x397.jpg 600w\" sizes=\"auto, (max-width: 900px) 100vw, 900px\" \/><\/figure>\n<p><iframe loading=\"lazy\" style=\"width: 100%; max-width: 600px; height: 400px; display: block; margin: 30px auto;\" src=\"https:\/\/www.youtube.com\/embed\/-g5gakG7xNk\" width=\"300\" height=\"150\" frameborder=\"0\" allowfullscreen=\"allowfullscreen\"><\/iframe><\/p>\n","protected":false},"excerpt":{"rendered":"<p>Wszystkie nale\u017c\u0105ce do sp\u00f3\u0142ki autobusy wyposa\u017cone s\u0105 w\u00a0nowoczesny, intuicyjny terminal biletowy Open Payment System Jaworzno. Podobny system funkcjonuje obecnie jedynie w kilku europejskich miastach. Open Payment System Jaworzno, stworzony przez Mennic\u0119 Polsk\u0105, umo\u017cliwia p\u0142atno\u015b\u0107 za przejazd zgodnie ze cennikiem op\u0142at PKM\u00a0i\u00a0honoruje karty p\u0142atnicze r\u00f3\u017cnych operator\u00f3w, w tym Visa i Master Card. Dotykowe terminale biletowe dzia\u0142aj\u0105 [&hellip;]<\/p>\n","protected":false},"author":3,"featured_media":0,"parent":6583,"menu_order":0,"comment_status":"closed","ping_status":"closed","template":"","meta":{"_acf_changed":false,"footnotes":""},"class_list":["post-7190","page","type-page","status-publish","hentry"],"acf":[],"publishpress_future_action":{"enabled":false,"date":"2026-05-07 05:27:41","action":"change-status","newStatus":"draft","terms":[],"taxonomy":"","extraData":[]},"publishpress_future_workflow_manual_trigger":{"enabledWorkflows":[]},"_links":{"self":[{"href":"https:\/\/www.pkm.jaworzno.pl\/www\/wp-json\/wp\/v2\/pages\/7190","targetHints":{"allow":["GET"]}}],"collection":[{"href":"https:\/\/www.pkm.jaworzno.pl\/www\/wp-json\/wp\/v2\/pages"}],"about":[{"href":"https:\/\/www.pkm.jaworzno.pl\/www\/wp-json\/wp\/v2\/types\/page"}],"author":[{"embeddable":true,"href":"https:\/\/www.pkm.jaworzno.pl\/www\/wp-json\/wp\/v2\/users\/3"}],"replies":[{"embeddable":true,"href":"https:\/\/www.pkm.jaworzno.pl\/www\/wp-json\/wp\/v2\/comments?post=7190"}],"version-history":[{"count":10,"href":"https:\/\/www.pkm.jaworzno.pl\/www\/wp-json\/wp\/v2\/pages\/7190\/revisions"}],"predecessor-version":[{"id":7504,"href":"https:\/\/www.pkm.jaworzno.pl\/www\/wp-json\/wp\/v2\/pages\/7190\/revisions\/7504"}],"up":[{"embeddable":true,"href":"https:\/\/www.pkm.jaworzno.pl\/www\/wp-json\/wp\/v2\/pages\/6583"}],"wp:attachment":[{"href":"https:\/\/www.pkm.jaworzno.pl\/www\/wp-json\/wp\/v2\/media?parent=7190"}],"curies":[{"name":"wp","href":"https:\/\/api.w.org\/{rel}","templated":true}]}}