{"id":7389,"date":"2018-03-30T10:01:01","date_gmt":"2018-03-30T08:01:01","guid":{"rendered":"http:\/\/www.nowastrona.pkm.jaworzno.pl\/www\/?page_id=7389"},"modified":"2023-09-06T14:16:59","modified_gmt":"2023-09-06T12:16:59","slug":"uwagi-i-wnioski","status":"publish","type":"page","link":"https:\/\/www.pkm.jaworzno.pl\/www\/inne\/uwagi-i-wnioski\/","title":{"rendered":"Uwagi i wnioski"},"content":{"rendered":"<h3 style=\"color: red;\">UWAGA<\/h3>\n<p>Wszelkie zg\u0142oszenia przesy\u0142ane drog\u0105 elektroniczn\u0105 zawieraj\u0105ce zar\u00f3wno w adresie jak i w tre\u015bci s\u0142owa wulgarne oraz zg\u0142oszenia anonimowe, nie b\u0119d\u0105 rozpatrywane.<br \/>\nTylko dok\u0142adne wype\u0142nienie ka\u017cdego pola formularza odpowiedni\u0105 tre\u015bci\u0105 gwarantuje rozpatrzenie wniosku.<\/p>\n<p>Wszystkie Pani\/Pana (zawsze dobrowolnie podawane) dane osobowe s\u0105 przetwarzane zgodnie z informacjami zawartymi pod tym linkiem:\u00a0<a class=\"moz-txt-link-freetext\" href=\"https:\/\/www.pkm.jaworzno.pl\/www\/inne\/ochrona-danych-osobowych\/\" target=\"_blank\" rel=\"noopener noreferrer\">\u00a0https:\/\/www.pkm.jaworzno.pl\/www\/inne\/ochrona-danych-osobowych\/<\/a><\/p>\n\n<div class=\"wpcf7 no-js\" id=\"wpcf7-f7215-o1\" lang=\"pl-PL\" dir=\"ltr\" data-wpcf7-id=\"7215\">\n<div class=\"screen-reader-response\"><p role=\"status\" aria-live=\"polite\" aria-atomic=\"true\"><\/p> <ul><\/ul><\/div>\n<form action=\"\/www\/wp-json\/wp\/v2\/pages\/7389#wpcf7-f7215-o1\" method=\"post\" class=\"wpcf7-form init\" aria-label=\"Formularz kontaktowy\" enctype=\"multipart\/form-data\" novalidate=\"novalidate\" data-status=\"init\">\n<fieldset class=\"hidden-fields-container\"><input type=\"hidden\" name=\"_wpcf7\" value=\"7215\" \/><input type=\"hidden\" name=\"_wpcf7_version\" value=\"6.1.5\" \/><input type=\"hidden\" name=\"_wpcf7_locale\" value=\"pl_PL\" \/><input type=\"hidden\" name=\"_wpcf7_unit_tag\" value=\"wpcf7-f7215-o1\" \/><input type=\"hidden\" name=\"_wpcf7_container_post\" value=\"0\" \/><input type=\"hidden\" name=\"_wpcf7_posted_data_hash\" value=\"\" \/><input type=\"hidden\" name=\"_wpcf7_recaptcha_response\" value=\"\" \/>\n<\/fieldset>\n<div class=\"standard-form\">\n\t<div class=\"extra-label\">\n\t\t<p>DANE OSOBY SK\u0141ADAJ\u0104CEJ WNIOSEK \/ SKARG\u0118\n\t\t<\/p>\n\t<\/div>\n\t<div class=\"content-wrapper\">\n\t\t<div class=\"row\">\n\t\t\t<div class=\"col-lg-6 col-md-6 col-sm-12 col-xs-12\">\n\t\t\t\t<p><label for=\"user-name\"> *Imi\u0119:<\/label><span class=\"wpcf7-form-control-wrap\" data-name=\"user-name\"><input size=\"40\" maxlength=\"400\" class=\"wpcf7-form-control wpcf7-text wpcf7-validates-as-required\" id=\"user-name\" aria-required=\"true\" aria-invalid=\"false\" value=\"\" type=\"text\" name=\"user-name\" \/><\/span>\n\t\t\t\t<\/p>\n\t\t\t<\/div>\n\t\t\t<div class=\"col-lg-6 col-md-6 col-sm-12 col-xs-12\">\n\t\t\t\t<p><label for=\"user-surname\"> *Nazwisko:<\/label><span class=\"wpcf7-form-control-wrap\" data-name=\"user-surname\"><input size=\"40\" maxlength=\"400\" class=\"wpcf7-form-control wpcf7-text wpcf7-validates-as-required\" id=\"user-surname\" aria-required=\"true\" aria-invalid=\"false\" value=\"\" type=\"text\" name=\"user-surname\" \/><\/span>\n\t\t\t\t<\/p>\n\t\t\t<\/div>\n\t\t<\/div>\n\t\t<div class=\"row\">\n\t\t\t<div class=\"col-lg-12 col-md-12 col-sm-12 col-xs-12\">\n\t\t\t\t<p><label for=\"user-phone\">Telefon:<\/label><span class=\"wpcf7-form-control-wrap\" data-name=\"user-phone\"><input size=\"40\" maxlength=\"400\" class=\"wpcf7-form-control wpcf7-tel wpcf7-text wpcf7-validates-as-tel\" id=\"user-phone\" aria-invalid=\"false\" value=\"\" type=\"tel\" name=\"user-phone\" \/><\/span>\n\t\t\t\t<\/p>\n\t\t\t<\/div>\n\t\t<\/div>\n\t\t<div class=\"row\">\n\t\t\t<div class=\"col-lg-12 col-md-12 col-sm-12 col-xs-12\">\n\t\t\t\t<p><label for=\"user-mail\">*E-mail: <\/label><span class=\"wpcf7-form-control-wrap\" data-name=\"user-email\"><input size=\"40\" maxlength=\"400\" class=\"wpcf7-form-control wpcf7-email wpcf7-validates-as-required wpcf7-text wpcf7-validates-as-email\" id=\"user-mail\" aria-required=\"true\" aria-invalid=\"false\" value=\"\" type=\"email\" name=\"user-email\" \/><\/span>\n\t\t\t\t<\/p>\n\t\t\t<\/div>\n\t\t<\/div>\n\t\t<div class=\"row\">\n\t\t\t<div class=\"col-lg-12 col-md-12 col-sm-12 col-xs-12\">\n\t\t\t\t<p><label for=\"user-address\">*Adres do korespondencji:<\/label><span class=\"wpcf7-form-control-wrap\" data-name=\"user-post\"><textarea cols=\"40\" rows=\"10\" maxlength=\"2000\" class=\"wpcf7-form-control wpcf7-textarea wpcf7-validates-as-required\" id=\"user-post\" aria-required=\"true\" aria-invalid=\"false\" name=\"user-post\"><\/textarea><\/span>\n\t\t\t\t<\/p>\n\t\t\t<\/div>\n\t\t<\/div>\n\t<\/div>\n\t<div class=\"extra-label\">\n\t\t<p>DANE DOTYCZ\u0104CE ZDARZENIA\n\t\t<\/p>\n\t<\/div>\n\t<div class=\"content-wrapper\">\n\t\t<div class=\"row\">\n\t\t\t<div class=\"col-lg-12 col-md-12 col-sm-12 col-xs-12\">\n\t\t\t\t<p><label for=\"user-address\">*Dotyczy:<\/label><span class=\"wpcf7-form-control-wrap\" data-name=\"user-notice\"><select class=\"wpcf7-form-control wpcf7-select wpcf7-validates-as-required\" id=\"user-notice\" aria-required=\"true\" aria-invalid=\"false\" name=\"user-notice\"><option value=\"\">&#8212;Prosz\u0119 wybra\u0107 opcj\u0119&#8212;<\/option><option value=\"jako\u015bci obs\u0142ugi przez pracownika PKM\">jako\u015bci obs\u0142ugi przez pracownika PKM<\/option><option value=\"wystawionej op\u0142aty dodatkowej przez kontrolera\">wystawionej op\u0142aty dodatkowej przez kontrolera<\/option><option value=\"zmiany rozk\u0142adu jazdy\">zmiany rozk\u0142adu jazdy<\/option><option value=\"taryfy i przepis\u00f3w porz\u0105dkowych\">taryfy i przepis\u00f3w porz\u0105dkowych<\/option><option value=\"inny wniosek\">inny wniosek<\/option><\/select><\/span>\n\t\t\t\t<\/p>\n\t\t\t<\/div>\n\t\t<\/div>\n\t\t<div class=\"row\">\n\t\t\t<div class=\"col-lg-12 col-md-12 col-sm-12 col-xs-12 hidden\" data-show-on=\"wystawionej op\u0142aty dodatkowej przez kontrolera\">\n\t\t\t\t<p><label for=\"pay-number\">Numer op\u0142aty dodatkowej lub numer op\u0142aty got\u00f3wkowej:<\/label><span class=\"wpcf7-form-control-wrap\" data-name=\"pay-number\"><input size=\"40\" maxlength=\"400\" class=\"wpcf7-form-control wpcf7-text\" id=\"pay-number\" aria-invalid=\"false\" value=\"\" type=\"text\" name=\"pay-number\" \/><\/span>\n\t\t\t\t<\/p>\n\t\t\t<\/div>\n\t\t<\/div>\n\t\t<div class=\"row\">\n\t\t\t<div class=\"col-lg-6 col-md-6 col-sm-12 col-xs-12\">\n\t\t\t\t<p><label>Data zdarzenia:<\/label><span class=\"wpcf7-form-control-wrap\" data-name=\"date-133\"><input class=\"wpcf7-form-control wpcf7-date wpcf7-validates-as-date\" aria-invalid=\"false\" value=\"\" type=\"date\" name=\"date-133\" \/><\/span>\n\t\t\t\t<\/p>\n\t\t\t<\/div>\n\t\t<\/div>\n\t\t<div class=\"row\">\n\t\t\t<div class=\"col-lg-12 col-md-12 col-sm-12 col-xs-12\">\n\t\t\t\t<p><label>Godzina:<\/label><span class=\"wpcf7-form-control-wrap\" data-name=\"user-hour\"><select class=\"wpcf7-form-control wpcf7-select\" id=\"user-hour\" aria-invalid=\"false\" name=\"user-hour\"><option value=\"\">&#8212;Prosz\u0119 wybra\u0107 opcj\u0119&#8212;<\/option><option value=\"00\">00<\/option><option value=\"01\">01<\/option><option value=\"02\">02<\/option><option value=\"03\">03<\/option><option value=\"04\">04<\/option><option value=\"05\">05<\/option><option value=\"06\">06<\/option><option value=\"07\">07<\/option><option value=\"08\">08<\/option><option value=\"09\">09<\/option><option value=\"10\">10<\/option><option value=\"11\">11<\/option><option value=\"12\">12<\/option><option value=\"13\">13<\/option><option value=\"14\">14<\/option><option value=\"15\">15<\/option><option value=\"16\">16<\/option><option value=\"17\">17<\/option><option value=\"18\">18<\/option><option value=\"19\">19<\/option><option value=\"20\">20<\/option><option value=\"21\">21<\/option><option value=\"22\">22<\/option><option value=\"23\">23<\/option><\/select><\/span> : <span class=\"wpcf7-form-control-wrap\" data-name=\"user-minute\"><select class=\"wpcf7-form-control wpcf7-select\" id=\"user-minute\" aria-invalid=\"false\" name=\"user-minute\"><option value=\"\">&#8212;Prosz\u0119 wybra\u0107 opcj\u0119&#8212;<\/option><option value=\"00\">00<\/option><option value=\"01\">01<\/option><option value=\"02\">02<\/option><option value=\"03\">03<\/option><option value=\"04\">04<\/option><option value=\"05\">05<\/option><option value=\"06\">06<\/option><option value=\"07\">07<\/option><option value=\"08\">08<\/option><option value=\"09\">09<\/option><option value=\"10\">10<\/option><option value=\"11\">11<\/option><option value=\"12\">12<\/option><option value=\"13\">13<\/option><option value=\"14\">14<\/option><option value=\"15\">15<\/option><option value=\"16\">16<\/option><option value=\"17\">17<\/option><option value=\"18\">18<\/option><option value=\"19\">19<\/option><option value=\"20\">20<\/option><option value=\"21\">21<\/option><option value=\"22\">22<\/option><option value=\"23\">23<\/option><option value=\"24\">24<\/option><option value=\"25\">25<\/option><option value=\"26\">26<\/option><option value=\"27\">27<\/option><option value=\"28\">28<\/option><option value=\"29\">29<\/option><option value=\"30\">30<\/option><option value=\"31\">31<\/option><option value=\"32\">32<\/option><option value=\"33\">33<\/option><option value=\"34\">34<\/option><option value=\"35\">35<\/option><option value=\"36\">36<\/option><option value=\"37\">37<\/option><option value=\"38\">38<\/option><option value=\"39\">39<\/option><option value=\"40\">40<\/option><option value=\"41\">41<\/option><option value=\"42\">42<\/option><option value=\"43\">43<\/option><option value=\"44\">44<\/option><option value=\"45\">45<\/option><option value=\"46\">46<\/option><option value=\"47\">47<\/option><option value=\"48\">48<\/option><option value=\"49\">49<\/option><option value=\"50\">50<\/option><option value=\"51\">51<\/option><option value=\"52\">52<\/option><option value=\"53\">53<\/option><option value=\"54\">54<\/option><option value=\"55\">55<\/option><option value=\"56\">56<\/option><option value=\"57\">57<\/option><option value=\"58\">58<\/option><option value=\"59\">59<\/option><\/select><\/span>\n\t\t\t\t<\/p>\n\t\t\t<\/div>\n\t\t<\/div>\n\t\t<div class=\"row\">\n\t\t\t<div class=\"col-lg-6 col-md-6 col-sm-12 col-xs-12\">\n\t\t\t\t<p><label for=\"user-stop\">Przystanek:<\/label><span class=\"wpcf7-form-control-wrap\" data-name=\"user-stop\"><input size=\"40\" maxlength=\"400\" class=\"wpcf7-form-control wpcf7-text\" id=\"user-stop\" aria-invalid=\"false\" value=\"\" type=\"text\" name=\"user-stop\" \/><\/span>\n\t\t\t\t<\/p>\n\t\t\t<\/div>\n\t\t<\/div>\n\t\t<div class=\"row\">\n\t\t\t<div class=\"col-lg-6 col-md-6 col-sm-12 col-xs-12\">\n\t\t\t\t<p><label for=\"user-direction\">Kierunek:<\/label><span class=\"wpcf7-form-control-wrap\" data-name=\"user-direction\"><input size=\"40\" maxlength=\"400\" class=\"wpcf7-form-control wpcf7-text\" id=\"user-direction\" aria-invalid=\"false\" value=\"\" type=\"text\" name=\"user-direction\" \/><\/span>\n\t\t\t\t<\/p>\n\t\t\t<\/div>\n\t\t<\/div>\n\t\t<div class=\"row\">\n\t\t\t<div class=\"col-lg-6 col-md-6 col-sm-12 col-xs-12\">\n\t\t\t\t<p><label for=\"user-line\">Nr linii:<\/label><span class=\"wpcf7-form-control-wrap\" data-name=\"user-line\"><input size=\"40\" maxlength=\"400\" class=\"wpcf7-form-control wpcf7-text\" id=\"user-line\" aria-invalid=\"false\" value=\"\" type=\"text\" name=\"user-line\" \/><\/span>\n\t\t\t\t<\/p>\n\t\t\t<\/div>\n\t\t<\/div>\n\t\t<div class=\"row\">\n\t\t\t<div class=\"col-lg-6 col-md-6 col-sm-12 col-xs-12\">\n\t\t\t\t<p><label for=\"user-bus-nr\">Nr pojazdu:<\/label><span class=\"wpcf7-form-control-wrap\" data-name=\"user-bus-nr\"><input size=\"40\" maxlength=\"400\" class=\"wpcf7-form-control wpcf7-text\" id=\"user-bus-nr\" aria-invalid=\"false\" value=\"\" type=\"text\" name=\"user-bus-nr\" \/><\/span>\n\t\t\t\t<\/p>\n\t\t\t<\/div>\n\t\t<\/div>\n\t\t<div class=\"row\">\n\t\t\t<div class=\"col-lg-12 col-md-12 col-sm-12 col-xs-12\">\n\t\t\t\t<p><label for=\"user-description\">*Kr\u00f3tki opis zdarzenia:<\/label><span class=\"wpcf7-form-control-wrap\" data-name=\"user-description\"><textarea cols=\"40\" rows=\"10\" maxlength=\"2000\" class=\"wpcf7-form-control wpcf7-textarea wpcf7-validates-as-required\" id=\"user-description\" aria-required=\"true\" aria-invalid=\"false\" name=\"user-description\"><\/textarea><\/span>\n\t\t\t\t<\/p>\n\t\t\t<\/div>\n\t\t<\/div>\n\t\t<div class=\"row\">\n\t\t\t<div class=\"col-lg-12 col-md-12 col-sm-12 col-xs-12\">\n\t\t\t\t<p><label>Do\u0142\u0105cz plik (format: jpg,png, rozmiar do 20Mb):<\/label><span class=\"wpcf7-form-control-wrap\" data-name=\"your-file\"><input size=\"40\" class=\"wpcf7-form-control wpcf7-file\" accept=\".png,.jpg\" aria-invalid=\"false\" type=\"file\" name=\"your-file\" \/><\/span>\n\t\t\t\t<\/p>\n\t\t\t<\/div>\n\t\t<\/div>\n\t\t<div class=\"row\">\n\t\t\t<div class=\"col-lg-12 col-md-12 col-sm-12 col-xs-12\">\n\t\t\t\t<div class=\"checkbox-label\">\n\t\t\t\t\t<p><span class=\"wpcf7-form-control-wrap\" data-name=\"checkbox-167\"><span class=\"wpcf7-form-control wpcf7-radio\"><span class=\"wpcf7-list-item first\"><label><input type=\"radio\" name=\"checkbox-167\" value=\"Wnosz\u0119 o odpowied\u017a na zg\u0142oszenie na wskazany adres e-mail.\" \/><span class=\"wpcf7-list-item-label\">Wnosz\u0119 o odpowied\u017a na zg\u0142oszenie na wskazany adres e-mail.<\/span><\/label><\/span><span class=\"wpcf7-list-item last\"><label><input type=\"radio\" name=\"checkbox-167\" value=\"Wnosz\u0119 o udzielenie odpowiedzi w tradycyjnej formie, listem na wskazany adres do korespondencji\" \/><span class=\"wpcf7-list-item-label\">Wnosz\u0119 o udzielenie odpowiedzi w tradycyjnej formie, listem na wskazany adres do korespondencji<\/span><\/label><\/span><\/span><\/span>\n\t\t\t\t\t<\/p>\n\t\t\t\t<\/div>\n\t\t\t<\/div>\n\t\t<\/div>\n\t\t<div class=\"row\">\n\t\t\t<div class=\"col-lg-12 col-md-12 col-sm-12 col-xs-12\">\n\t\t\t\t<p><span>* - pole obowi\u0105zkowe<\/span>\n\t\t\t\t<\/p>\n\t\t\t<\/div>\n\t\t<\/div>\n\t\t<div class=\"row\">\n\t\t\t<div class=\"col-lg-12 col-md-12 col-sm-12 col-xs-12\">\n\t\t\t\t<div style=\"padding: 2em 0;\">\n\t\t\t\t\t<p>Wys\u0142anie wiadomo\u015bci jest jednoznaczne z przyj\u0119ciem do wiadomo\u015bci informacji zawartych w Klauzuli informacyjnej zgodnej z Rozporz\u0105dzeniem Og\u00f3lnym o Ochronie Danych Osobowych (skr\u00f3t: RODO) przeznaczonej dla osoby sk\u0142adaj\u0105cej wniosek\/skarg\u0119\/reklamacj\u0119 dot. us\u0142ugi \u015bwiadczonej przez Przedsi\u0119biorstwo Komunikacji Miejskiej Sp\u00f3\u0142ka z o.o. w Jaworznie.<a style=\"font-weight: 400;\" href=\"https:\/\/www.pkm.jaworzno.pl\/www\/inne\/ochrona-danych-osobowych\/\">&nbsp www.pkm.jaworzno.pl\/www\/inne\/ochrona-danych-osobowych\/<\/a><br \/>\n\t\t\t\t\t<\/p>\n\t\t\t\t<\/div>\n\t\t\t<\/div>\n\t\t<\/div>\n\t\t<div class=\"row\">\n\t\t\t<div class=\"col-lg-12 col-md-12 col-sm-12 col-xs-12\">\n\t\t\t\t<div class=\"submit-btn\">\n\t\t\t\t\t<p><input class=\"wpcf7-form-control wpcf7-submit has-spinner button btn-submit hover-system\" type=\"submit\" value=\"Wy\u015blij wiadomo\u015b\u0107\" \/>\n\t\t\t\t\t<\/p>\n\t\t\t\t<\/div>\n\t\t\t<\/div>\n\t\t<\/div>\n\t<\/div>\n<\/div><div class=\"wpcf7-response-output\" aria-hidden=\"true\"><\/div>\n<\/form>\n<\/div>\n\n<p>&nbsp;<\/p>\n","protected":false},"excerpt":{"rendered":"<p>UWAGA Wszelkie zg\u0142oszenia przesy\u0142ane drog\u0105 elektroniczn\u0105 zawieraj\u0105ce zar\u00f3wno w adresie jak i w tre\u015bci s\u0142owa wulgarne oraz zg\u0142oszenia anonimowe, nie b\u0119d\u0105 rozpatrywane. Tylko dok\u0142adne wype\u0142nienie ka\u017cdego pola formularza odpowiedni\u0105 tre\u015bci\u0105 gwarantuje rozpatrzenie wniosku. Wszystkie Pani\/Pana (zawsze dobrowolnie podawane) dane osobowe s\u0105 przetwarzane zgodnie z informacjami zawartymi pod tym linkiem:\u00a0\u00a0https:\/\/www.pkm.jaworzno.pl\/www\/inne\/ochrona-danych-osobowych\/ &nbsp;<\/p>\n","protected":false},"author":3,"featured_media":0,"parent":6574,"menu_order":0,"comment_status":"closed","ping_status":"closed","template":"","meta":{"_acf_changed":false,"footnotes":""},"class_list":["post-7389","page","type-page","status-publish","hentry"],"acf":[],"publishpress_future_action":{"enabled":false,"date":"2026-04-15 18:29:56","action":"change-status","newStatus":"draft","terms":[],"taxonomy":"","extraData":[]},"publishpress_future_workflow_manual_trigger":{"enabledWorkflows":[]},"_links":{"self":[{"href":"https:\/\/www.pkm.jaworzno.pl\/www\/wp-json\/wp\/v2\/pages\/7389","targetHints":{"allow":["GET"]}}],"collection":[{"href":"https:\/\/www.pkm.jaworzno.pl\/www\/wp-json\/wp\/v2\/pages"}],"about":[{"href":"https:\/\/www.pkm.jaworzno.pl\/www\/wp-json\/wp\/v2\/types\/page"}],"author":[{"embeddable":true,"href":"https:\/\/www.pkm.jaworzno.pl\/www\/wp-json\/wp\/v2\/users\/3"}],"replies":[{"embeddable":true,"href":"https:\/\/www.pkm.jaworzno.pl\/www\/wp-json\/wp\/v2\/comments?post=7389"}],"version-history":[{"count":6,"href":"https:\/\/www.pkm.jaworzno.pl\/www\/wp-json\/wp\/v2\/pages\/7389\/revisions"}],"predecessor-version":[{"id":11398,"href":"https:\/\/www.pkm.jaworzno.pl\/www\/wp-json\/wp\/v2\/pages\/7389\/revisions\/11398"}],"up":[{"embeddable":true,"href":"https:\/\/www.pkm.jaworzno.pl\/www\/wp-json\/wp\/v2\/pages\/6574"}],"wp:attachment":[{"href":"https:\/\/www.pkm.jaworzno.pl\/www\/wp-json\/wp\/v2\/media?parent=7389"}],"curies":[{"name":"wp","href":"https:\/\/api.w.org\/{rel}","templated":true}]}}